{"id":6998,"date":"2023-01-02T12:06:18","date_gmt":"2023-01-02T12:06:18","guid":{"rendered":"https:\/\/canbosch.macredi20.com\/conditions-dachat-et-retours\/"},"modified":"2023-01-31T15:20:46","modified_gmt":"2023-01-31T15:20:46","slug":"conditions-dachat-et-retours","status":"publish","type":"page","link":"https:\/\/canbosch.com\/fr\/conditions-dachat-et-retours\/","title":{"rendered":"Conditions d&rsquo;achat et retours"},"content":{"rendered":"<\/p>\n\n<style type=\"text\/css\" data-created_by=\"avia_inline_auto\" id=\"style-css-av-lcerevzl-4606e318caa533aeb342555260eec1c9\">\n#top .av-special-heading.av-lcerevzl-4606e318caa533aeb342555260eec1c9{\npadding-bottom:10px;\n}\nbody .av-special-heading.av-lcerevzl-4606e318caa533aeb342555260eec1c9 .av-special-heading-tag .heading-char{\nfont-size:25px;\n}\n.av-special-heading.av-lcerevzl-4606e318caa533aeb342555260eec1c9 .av-subheading{\nfont-size:15px;\n}\n<\/style>\n<div  class='av-special-heading av-lcerevzl-4606e318caa533aeb342555260eec1c9 av-special-heading-h1  avia-builder-el-0  el_before_av_hr  avia-builder-el-first '><h1 class='av-special-heading-tag'  itemprop=\"headline\"  >Conditions d\u2019achat et retours<\/h1><div class=\"special-heading-border\"><div class=\"special-heading-inner-border\"><\/div><\/div><\/div>\n\n<style type=\"text\/css\" data-created_by=\"avia_inline_auto\" id=\"style-css-av-lcerfcr9-b7ee50b651e0c6abc3e44fad22714190\">\n#top .hr.hr-invisible.av-lcerfcr9-b7ee50b651e0c6abc3e44fad22714190{\nheight:40px;\n}\n<\/style>\n<div  class='hr av-lcerfcr9-b7ee50b651e0c6abc3e44fad22714190 hr-invisible  avia-builder-el-1  el_after_av_heading  el_before_av_textblock '><span class='hr-inner '><span class=\"hr-inner-style\"><\/span><\/span><\/div>\n<section  class='av_textblock_section av-lcem1a5c-dceaf32a0b8fd87e4f861e7c32074567'  itemscope=\"itemscope\" itemtype=\"https:\/\/schema.org\/CreativeWork\" ><div class='avia_textblock'  itemprop=\"text\" ><h4>DISPONIBILIT\u00c9 ET LIVRAISON<\/h4>\n<p>Notre objectif est de fournir le meilleur service de livraison possible. Malheureusement, les choses ne se passent pas toujours comme pr\u00e9vu et certains facteurs peuvent parfois nous emp\u00eacher d&rsquo;atteindre notre objectif \u00e0 cet \u00e9gard. Nous mettrons tout en \u0153uvre pour que votre d\u00e9jeuner soit livr\u00e9 \u00e0 l&rsquo;heure indiqu\u00e9e dans l&rsquo;e-mail et sur le site Web. Le d\u00e9lai de livraison de votre commande sera d\u00e9termin\u00e9 en tenant compte du nombre de commandes et des circonstances affectant le Restaurant associ\u00e9 \u00e0 ce moment-l\u00e0.<\/p>\n<h4>CONDITIONS DE COLLECTE<\/h4>\n<p>Les collectes sont gratuites, Can Bosch livre vos commandes uniquement au Restaurant Can Bosch, Rambla Jaume I, 19 Cambrils 43850.<\/p>\n<h4>RETOUR:<\/h4>\n<p>Les retours ne sont accept\u00e9s que 2 jours avant la date de la commande.<\/p>\n<h4>ANNULATIONS :<\/h4>\n<p>Vous avez le droit d&rsquo;annuler une commande dans un d\u00e9lai raisonnable avant qu&rsquo;elle ne devienne une Commande initi\u00e9e. Nous classerons comme une commande n\u00e9gative toute commande annul\u00e9e apr\u00e8s que la nourriture a d\u00e9j\u00e0 \u00e9t\u00e9 utilis\u00e9e pour commencer sa pr\u00e9paration (une \u00ab Commande initi\u00e9e \u00bb). Les clients peuvent annuler une commande en contactant le restaurant au 977.360 019. D&rsquo;autre part, Restaurant Can Bosch peut annuler toute commande et vous informera d\u00e8s qu&rsquo;elle aura \u00e9t\u00e9 annul\u00e9e. Vous ne serez pas factur\u00e9 pour toute commande annul\u00e9e conform\u00e9ment \u00e0 cette clause. Tout paiement effectu\u00e9 avant que Restaurant Can Bosch n&rsquo;annule une commande sera normalement rembours\u00e9 selon la m\u00eame m\u00e9thode qui a \u00e9t\u00e9 utilis\u00e9 pour payer la commande. Cependant, vous serez factur\u00e9 pour toute commande annul\u00e9e apr\u00e8s qu&rsquo;elle soit devenue une commande initi\u00e9e.<\/p>\n<h4>PRIX ET PAIEMENT :<\/h4>\n<p>Le prix de tous les Repas sera indiqu\u00e9 sur notre Service. Les prix incluent la T.V.A. Les prix sont susceptibles d&rsquo;\u00eatre modifi\u00e9s \u00e0 tout moment, mais les modifications n&rsquo;affecteront pas les commandes en ce qui concerne les informations qui vous sont pr\u00e9sent\u00e9es dans l&rsquo;e-mail de confirmation, sauf en cas d&rsquo;erreur manifeste de prix, auquel cas nous vous en informerons dans les plus brefs d\u00e9lais. que possible sur le probl\u00e8me concernant le prix. Vous pouvez annuler votre commande une fois que nous vous en aurons inform\u00e9. Malgr\u00e9 tous nos efforts, certains des aliments r\u00e9pertori\u00e9s sur notre service peuvent avoir des prix incorrects. Normalement, Restaurant Can Bosch v\u00e9rifiera les prix dans le cadre du processus de commande. Le paiement des Repas s&rsquo;effectue par carte de cr\u00e9dit ou de d\u00e9bit via notre Service. Une fois votre commande confirm\u00e9e, votre carte de cr\u00e9dit ou de d\u00e9bit aura \u00e9t\u00e9 autoris\u00e9e et le montant du paiement marqu\u00e9. Le paiement est effectu\u00e9 directement au restaurant Can Bosch, qui agit en tant qu&rsquo;agent.<\/p>\n<h4>S\u00c9CURIT\u00c9, PROTECTION DE L&rsquo;ACHETEUR :<\/h4>\n<p>Les paiements pour les achats sur canbosch.com par point de vente virtuel sont effectu\u00e9s via Redsys (canal de paiement officiel de CAIXABANK) avec tous les syst\u00e8mes de s\u00e9curit\u00e9 de cryptage et de transfert de donn\u00e9es via le protocole SSL, afin que l&rsquo;acheteur b\u00e9n\u00e9ficie \u00e0 tout moment de la protection de ces canaux.<\/p>\n<h4>PRIX ET PAIEMENT :<\/h4>\n<p>Le prix de tous les Repas sera indiqu\u00e9 sur notre Service. Les prix incluent la T.V.A. Les prix sont susceptibles d&rsquo;\u00eatre modifi\u00e9s \u00e0 tout moment, mais les modifications n&rsquo;affecteront pas les commandes en ce qui concerne les informations qui vous sont pr\u00e9sent\u00e9es dans l&rsquo;e-mail de confirmation, sauf en cas d&rsquo;erreur manifeste de prix, auquel cas nous vous en informerons dans les plus brefs d\u00e9lais. que possible sur le probl\u00e8me concernant le prix. Vous pouvez annuler votre commande une fois que nous vous en aurons inform\u00e9. Malgr\u00e9 tous nos efforts, certains des aliments r\u00e9pertori\u00e9s sur notre service peuvent avoir des prix incorrects. Normalement, Restaurant Can Bosch v\u00e9rifiera les prix dans le cadre du processus de commande. Le paiement des Repas s&rsquo;effectue par carte de cr\u00e9dit ou de d\u00e9bit via notre Service. Une fois votre commande confirm\u00e9e, votre carte de cr\u00e9dit ou de d\u00e9bit aura \u00e9t\u00e9 autoris\u00e9e et le montant du paiement marqu\u00e9. Le paiement est effectu\u00e9 directement au restaurant Can Bosch, qui agit en tant qu&rsquo;agent.<\/p>\n<\/div><\/section>\n","protected":false},"excerpt":{"rendered":"","protected":false},"author":1,"featured_media":0,"parent":0,"menu_order":0,"comment_status":"closed","ping_status":"closed","template":"","meta":{"footnotes":""},"class_list":["post-6998","page","type-page","status-publish","hentry"],"_links":{"self":[{"href":"https:\/\/canbosch.com\/fr\/wp-json\/wp\/v2\/pages\/6998","targetHints":{"allow":["GET"]}}],"collection":[{"href":"https:\/\/canbosch.com\/fr\/wp-json\/wp\/v2\/pages"}],"about":[{"href":"https:\/\/canbosch.com\/fr\/wp-json\/wp\/v2\/types\/page"}],"author":[{"embeddable":true,"href":"https:\/\/canbosch.com\/fr\/wp-json\/wp\/v2\/users\/1"}],"replies":[{"embeddable":true,"href":"https:\/\/canbosch.com\/fr\/wp-json\/wp\/v2\/comments?post=6998"}],"version-history":[{"count":4,"href":"https:\/\/canbosch.com\/fr\/wp-json\/wp\/v2\/pages\/6998\/revisions"}],"predecessor-version":[{"id":7004,"href":"https:\/\/canbosch.com\/fr\/wp-json\/wp\/v2\/pages\/6998\/revisions\/7004"}],"wp:attachment":[{"href":"https:\/\/canbosch.com\/fr\/wp-json\/wp\/v2\/media?parent=6998"}],"curies":[{"name":"wp","href":"https:\/\/api.w.org\/{rel}","templated":true}]}}