{"id":6978,"date":"2022-01-19T14:31:35","date_gmt":"2022-01-19T14:31:35","guid":{"rendered":"https:\/\/canbosch.macredi20.com\/desserts\/"},"modified":"2026-04-10T09:12:35","modified_gmt":"2026-04-10T09:12:35","slug":"desserts","status":"publish","type":"page","link":"https:\/\/canbosch.com\/fr\/desserts\/","title":{"rendered":"Desserts"},"content":{"rendered":"<div id='full_slider_1'  class='avia-fullwidth-slider main_color avia-shadow   avia-builder-el-0  el_before_av_section  avia-builder-el-first   container_wrap sidebar_right'  ><div   data-size='featured_large'  data-lightbox_size='large'  data-animation='slide'  data-conditional_play=''  data-ids='5801'  data-video_counter='0'  data-autoplay='false'  data-bg_slider='false'  data-slide_height=''  data-handle='av_slideshow_full'  data-interval='5'  data-class=' '  data-el_id=''  data-css_id=''  data-scroll_down=''  data-control_layout='av-control-default'  data-custom_markup=''  data-perma_caption=''  data-autoplay_stopper=''  data-image_attachment=''  data-min_height='0px'  data-lazy_loading='disabled'  data-src=''  data-position='top left'  data-repeat='no-repeat'  data-attach='scroll'  data-stretch=''  data-img_scrset=''  data-default-height='42'  class='avia-slideshow avia-slideshow-1  av-control-default av-default-height-applied avia-slideshow-featured_large av_slideshow_full   avia-slide-slider '  itemprop=\"image\" itemscope=\"itemscope\" itemtype=\"https:\/\/schema.org\/ImageObject\" ><ul class='avia-slideshow-inner ' style='padding-bottom: 42%;' ><li  class=' av-single-slide slide-1 ' ><div data-rel='slideshow-1' class='avia-slide-wrap '   ><div class = \"caption_fullwidth av-slideshow-caption caption_left\"><div class = \"container caption_container\"><div class = \"slideshow_caption\"><div class = \"slideshow_inner_caption\"><div class = \"slideshow_align_caption\"><h2  style='font-size:100px; color:#cc9c73; ' class='avia-caption-title  '  itemprop=\"name\" >NOS DESSERTS<\/h2><div class='avia-caption-content  av_inherit_color'  itemprop=\"description\"   style='font-size:30px; color:#ffffff; '><p>ARTISANS&#8230;<\/p>\n<\/div><\/div><\/div><\/div><\/div><\/div><img decoding=\"async\" class=\"wp-image-6665 avia-img-lazy-loading-not-6665\"  src=\"https:\/\/canbosch.com\/wp-content\/uploads\/2022\/01\/header-carta-postres-1500x630.jpg\" width=\"1500\" height=\"630\" title='header-carta-postres' alt=''  itemprop=\"thumbnailUrl\" srcset=\"https:\/\/canbosch.com\/wp-content\/uploads\/2022\/01\/header-carta-postres-1500x630.jpg 1500w, https:\/\/canbosch.com\/wp-content\/uploads\/2022\/01\/header-carta-postres-300x125.jpg 300w\" sizes=\"(max-width: 1500px) 100vw, 1500px\" \/><\/div><\/li><\/ul><\/div><\/div>\n<div id='producte'  class='avia-section av-kyk45884-9a6c1714d1e2f05fb3053a1014d31516 main_color avia-section-huge avia-no-border-styling  avia-builder-el-1  el_after_av_slideshow_full  avia-builder-el-last  avia-bg-style-scroll container_wrap sidebar_right'  ><div class='container av-section-cont-open' ><div class='template-page content  av-content-small alpha units'><div class='post-entry post-entry-type-page post-entry-6978'><div class='entry-content-wrapper clearfix'>\n<div class='flex_column av-99ci6q-1fa0a04bb40f39192dad0b76f34ff934 av_one_fifth  avia-builder-el-2  el_before_av_three_fifth  avia-builder-el-first  colummenuicons first flex_column_div '   ><p>\n<style type=\"text\/css\" data-created_by=\"avia_inline_auto\" id=\"style-css-av-kyk7m11k-4ae516cb9224954cb6e2084846ca1d32\">\n.avia-image-container.av-kyk7m11k-4ae516cb9224954cb6e2084846ca1d32 .av-image-caption-overlay-center{\ncolor:#ffffff;\n}\n<\/style>\n<div  class='avia-image-container av-kyk7m11k-4ae516cb9224954cb6e2084846ca1d32 av-styling- avia-align-center  avia-builder-el-3  el_before_av_hr  avia-builder-el-first '  itemprop=\"image\" itemscope=\"itemscope\" itemtype=\"https:\/\/schema.org\/ImageObject\" ><div class=\"avia-image-container-inner\"><div class=\"avia-image-overlay-wrap\"><img decoding=\"async\" class='wp-image-6635 avia-img-lazy-loading-not-6635 avia_image' src=\"https:\/\/canbosch.com\/wp-content\/uploads\/2022\/01\/menu-degustacio-fondo4-300x253.png\" alt='' title='menu-degustacio-fondo4'  height=\"253\" width=\"300\"  itemprop=\"thumbnailUrl\" srcset=\"https:\/\/canbosch.com\/wp-content\/uploads\/2022\/01\/menu-degustacio-fondo4-300x253.png 300w, https:\/\/canbosch.com\/wp-content\/uploads\/2022\/01\/menu-degustacio-fondo4.png 456w\" sizes=\"(max-width: 300px) 100vw, 300px\" \/><\/div><\/div><\/div><br \/>\n\n<style type=\"text\/css\" data-created_by=\"avia_inline_auto\" id=\"style-css-av-kyliaik0-5014b83047e6c7534de10fbde73c505f\">\n#top .hr.hr-invisible.av-kyliaik0-5014b83047e6c7534de10fbde73c505f{\nheight:30px;\n}\n<\/style>\n<div  class='hr av-kyliaik0-5014b83047e6c7534de10fbde73c505f hr-invisible  avia-builder-el-4  el_after_av_image  el_before_av_image  av-small-hide av-mini-hide'><span class='hr-inner '><span class=\"hr-inner-style\"><\/span><\/span><\/div><br \/>\n\n<style type=\"text\/css\" data-created_by=\"avia_inline_auto\" id=\"style-css-av-kyk7mcqh-f388e9e3bd817e3a6c7c0793f85bbc95\">\n.avia-image-container.av-kyk7mcqh-f388e9e3bd817e3a6c7c0793f85bbc95 .av-image-caption-overlay-center{\ncolor:#ffffff;\n}\n<\/style>\n<div  class='avia-image-container av-kyk7mcqh-f388e9e3bd817e3a6c7c0793f85bbc95 av-styling- avia-align-center  avia-builder-el-5  el_after_av_hr  el_before_av_hr '  itemprop=\"image\" itemscope=\"itemscope\" itemtype=\"https:\/\/schema.org\/ImageObject\" ><div class=\"avia-image-container-inner\"><div class=\"avia-image-overlay-wrap\"><img decoding=\"async\" class='wp-image-6667 avia-img-lazy-loading-not-6667 avia_image' src=\"https:\/\/canbosch.com\/wp-content\/uploads\/2022\/01\/carta-fondo-postres1-300x253.png\" alt='' title='carta-fondo-postres1'  height=\"253\" width=\"300\"  itemprop=\"thumbnailUrl\" srcset=\"https:\/\/canbosch.com\/wp-content\/uploads\/2022\/01\/carta-fondo-postres1-300x253.png 300w, https:\/\/canbosch.com\/wp-content\/uploads\/2022\/01\/carta-fondo-postres1.png 456w\" sizes=\"(max-width: 300px) 100vw, 300px\" \/><\/div><\/div><\/div><br \/>\n\n<style type=\"text\/css\" data-created_by=\"avia_inline_auto\" id=\"style-css-av-444rmx-f2c8000dd80f6c50dc0b81fefacfff17\">\n#top .hr.hr-invisible.av-444rmx-f2c8000dd80f6c50dc0b81fefacfff17{\nheight:30px;\n}\n<\/style>\n<div  class='hr av-444rmx-f2c8000dd80f6c50dc0b81fefacfff17 hr-invisible  avia-builder-el-6  el_after_av_image  el_before_av_image  av-small-hide av-mini-hide'><span class='hr-inner '><span class=\"hr-inner-style\"><\/span><\/span><\/div><br \/>\n\n<style type=\"text\/css\" data-created_by=\"avia_inline_auto\" id=\"style-css-av-kyk7pu6u-e224935c33142ca613d43d78fe2b487a\">\n.avia-image-container.av-kyk7pu6u-e224935c33142ca613d43d78fe2b487a .av-image-caption-overlay-center{\ncolor:#ffffff;\n}\n<\/style>\n<div  class='avia-image-container av-kyk7pu6u-e224935c33142ca613d43d78fe2b487a av-styling- avia-align-center  avia-builder-el-7  el_after_av_hr  el_before_av_hr '  itemprop=\"image\" itemscope=\"itemscope\" itemtype=\"https:\/\/schema.org\/ImageObject\" ><div class=\"avia-image-container-inner\"><div class=\"avia-image-overlay-wrap\"><img decoding=\"async\" class='wp-image-6669 avia-img-lazy-loading-not-6669 avia_image' src=\"https:\/\/canbosch.com\/wp-content\/uploads\/2022\/01\/carta-fondo-postres2-300x253.png\" alt='' title='carta-fondo-postres2'  height=\"253\" width=\"300\"  itemprop=\"thumbnailUrl\" srcset=\"https:\/\/canbosch.com\/wp-content\/uploads\/2022\/01\/carta-fondo-postres2-300x253.png 300w, https:\/\/canbosch.com\/wp-content\/uploads\/2022\/01\/carta-fondo-postres2.png 456w\" sizes=\"(max-width: 300px) 100vw, 300px\" \/><\/div><\/div><\/div><br \/>\n\n<style type=\"text\/css\" data-created_by=\"avia_inline_auto\" id=\"style-css-av-2oxx1l-29ce43c6b75d687b376970d2e36a289a\">\n#top .hr.hr-invisible.av-2oxx1l-29ce43c6b75d687b376970d2e36a289a{\nheight:30px;\n}\n<\/style>\n<div  class='hr av-2oxx1l-29ce43c6b75d687b376970d2e36a289a hr-invisible  avia-builder-el-8  el_after_av_image  el_before_av_image  av-small-hide av-mini-hide'><span class='hr-inner '><span class=\"hr-inner-style\"><\/span><\/span><\/div><br \/>\n\n<style type=\"text\/css\" data-created_by=\"avia_inline_auto\" id=\"style-css-av-kylju0ye-eb8824a8dfff26b8bda55496b6b1635b\">\n.avia-image-container.av-kylju0ye-eb8824a8dfff26b8bda55496b6b1635b .av-image-caption-overlay-center{\ncolor:#ffffff;\n}\n<\/style>\n<div  class='avia-image-container av-kylju0ye-eb8824a8dfff26b8bda55496b6b1635b av-styling- avia-align-center  avia-builder-el-9  el_after_av_hr  avia-builder-el-last  av-desktop-hide av-medium-hide'  itemprop=\"image\" itemscope=\"itemscope\" itemtype=\"https:\/\/schema.org\/ImageObject\" ><div class=\"avia-image-container-inner\"><div class=\"avia-image-overlay-wrap\"><img decoding=\"async\" class='wp-image-6671 avia-img-lazy-loading-not-6671 avia_image' src=\"https:\/\/canbosch.com\/wp-content\/uploads\/2022\/01\/carta-fondo-postres3-300x253.png\" alt='' title='carta-fondo-postres3'  height=\"253\" width=\"300\"  itemprop=\"thumbnailUrl\" srcset=\"https:\/\/canbosch.com\/wp-content\/uploads\/2022\/01\/carta-fondo-postres3-300x253.png 300w, https:\/\/canbosch.com\/wp-content\/uploads\/2022\/01\/carta-fondo-postres3.png 456w\" sizes=\"(max-width: 300px) 100vw, 300px\" \/><\/div><\/div><\/div><\/p><\/div><div class='flex_column av-6wh5wi-35bad4eae315aaafe32523e2ccbb5ac8 av_three_fifth  avia-builder-el-10  el_after_av_one_fifth  el_before_av_one_fifth  flex_column_div '   ><p>\n<style type=\"text\/css\" data-created_by=\"avia_inline_auto\" id=\"style-css-av-kyka6hmw-ead652494a07bf85d048d2cd9d61609a\">\n#top .av-special-heading.av-kyka6hmw-ead652494a07bf85d048d2cd9d61609a{\npadding-bottom:10px;\n}\nbody .av-special-heading.av-kyka6hmw-ead652494a07bf85d048d2cd9d61609a .av-special-heading-tag .heading-char{\nfont-size:25px;\n}\n.av-special-heading.av-kyka6hmw-ead652494a07bf85d048d2cd9d61609a .av-subheading{\nfont-size:15px;\n}\n<\/style>\n<div  class='av-special-heading av-kyka6hmw-ead652494a07bf85d048d2cd9d61609a av-special-heading-h2  avia-builder-el-11  el_before_av_catalogue  avia-builder-el-first '><h2 class='av-special-heading-tag'  itemprop=\"headline\"  >\u00c0 LA DEMANDE<\/h2><div class=\"special-heading-border\"><div class=\"special-heading-inner-border\"><\/div><\/div><\/div><br \/>\n<div  class='av-catalogue-container av-kyk72wky-fe7d580f0e6c0e37cec5d7e09702da33  avia-builder-el-12  el_after_av_heading  avia-builder-el-last '><ul class='av-catalogue-list'>\n<li><div class='av-catalogue-item av-kyk6zdjd-a5121c78b8cc2defb086df31fb8c65d8'><div class=\"av-catalogue-item-inner\"><div class=\"av-catalogue-title-container\"><div class='av-catalogue-title'>Namelaka aux agrumes et vanille, cr\u00e9meux de chocolat blanc et sorbet de mandarine et fruit de la passion<\/div><div class='av-catalogue-price'><\/div><\/div><div class=\"av-catalogue-content\"><\/div><\/div><\/div><\/li>\n<li><div class='av-catalogue-item av-kyk70afo-6842bc8a6df88a4dbf949affccca6131'><div class=\"av-catalogue-item-inner\"><div class=\"av-catalogue-title-container\"><div class='av-catalogue-title'>Mousse de yaourt, fraises, gel\u00e9e de violette et sorbet aux fruits exotiques<\/div><div class='av-catalogue-price'><\/div><\/div><div class=\"av-catalogue-content\"><\/div><\/div><\/div><\/li>\n<li><div class='av-catalogue-item av-kyk70kh3-cb3b12274839bec051bdf57ce8d41ef0'><div class=\"av-catalogue-item-inner\"><div class=\"av-catalogue-title-container\"><div class='av-catalogue-title'>Les 7 Textures de pistache et chocolat blanc<\/div><div class='av-catalogue-price'><\/div><\/div><div class=\"av-catalogue-content\"><\/div><\/div><\/div><\/li>\n<li><div class='av-catalogue-item av-kyk70kh3-6727bfaf44d56f42612c7fd9ca602111'><div class=\"av-catalogue-item-inner\"><div class=\"av-catalogue-title-container\"><div class='av-catalogue-title'>Tatin aux pommes, p\u00e2te feuillet\u00e9e caram\u00e9lis\u00e9 et glace \u00e0 la vanille<\/div><div class='av-catalogue-price'><\/div><\/div><div class=\"av-catalogue-content\"><\/div><\/div><\/div><\/li>\n<li><div class='av-catalogue-item av-kyk70kh3-ff8858777b77303c19aa428d17c5d98d'><div class=\"av-catalogue-item-inner\"><div class=\"av-catalogue-title-container\"><div class='av-catalogue-title'>Millefeuille caram\u00e9lis\u00e9 \u00e0 la vanille et noisettes<\/div><div class='av-catalogue-price'><\/div><\/div><div class=\"av-catalogue-content\"><\/div><\/div><\/div><\/li>\n<li><div class='av-catalogue-item av-kyk70kh3-0d40fdcc55511bf9878e14be59d13c7f'><div class=\"av-catalogue-item-inner\"><div class=\"av-catalogue-title-container\"><div class='av-catalogue-title'>Coulant de topping noir 70% et glace coco (17 min)<\/div><div class='av-catalogue-price'><\/div><\/div><div class=\"av-catalogue-content\"><\/div><\/div><\/div><\/li>\n<li><div class='av-catalogue-item av-kyk70kh3-0104f245d8b35ef30aff4466ca6d73c1'><div class=\"av-catalogue-item-inner\"><div class=\"av-catalogue-title-container\"><div class='av-catalogue-title'>T\u00e0rtar de pl\u00e0tan i pinya, crem\u00f3s de s\u00e8sam negre amb gelat i bescuits de sucre &quot;moscabado&quot;<\/div><div class='av-catalogue-price'><\/div><\/div><div class=\"av-catalogue-content\"><\/div><\/div><\/div><\/li>\n<li><div class='av-catalogue-item av-kyk70kh3-e1a50127cbe8e6c8419034a7e5ff33f3'><div class=\"av-catalogue-item-inner\"><div class=\"av-catalogue-title-container\"><div class='av-catalogue-title'>Textures d\u2019amande et yuzu<\/div><div class='av-catalogue-price'><\/div><\/div><div class=\"av-catalogue-content\"><\/div><\/div><\/div><\/li>\n<li><div class='av-catalogue-item av-kyk70kh3-a1ada9ce4c9cea26a8d1306fa8e211de'><div class=\"av-catalogue-item-inner\"><div class=\"av-catalogue-title-container\"><div class='av-catalogue-title'>Irish Coffee<\/div><div class='av-catalogue-price'><\/div><\/div><div class=\"av-catalogue-content\"><\/div><\/div><\/div><\/li>\n<\/ul><\/div><\/p><\/div><div class='flex_column av-cvh7wp-4042437ae0265cc4ddb0e7feeb49beaa av_one_fifth  avia-builder-el-13  el_after_av_three_fifth  avia-builder-el-last  flex_column_div '   ><\/div><\/div><\/div><\/div><!-- close content main div --><\/div><\/div><div id='after_section_1'  class='main_color av_default_container_wrap container_wrap sidebar_right'  ><div class='container av-section-cont-open' ><div class='template-page content  av-content-small alpha units'><div class='post-entry post-entry-type-page post-entry-6978'><div class='entry-content-wrapper clearfix'>\n","protected":false},"excerpt":{"rendered":"","protected":false},"author":1,"featured_media":0,"parent":0,"menu_order":0,"comment_status":"closed","ping_status":"closed","template":"","meta":{"footnotes":""},"class_list":["post-6978","page","type-page","status-publish","hentry"],"_links":{"self":[{"href":"https:\/\/canbosch.com\/fr\/wp-json\/wp\/v2\/pages\/6978","targetHints":{"allow":["GET"]}}],"collection":[{"href":"https:\/\/canbosch.com\/fr\/wp-json\/wp\/v2\/pages"}],"about":[{"href":"https:\/\/canbosch.com\/fr\/wp-json\/wp\/v2\/types\/page"}],"author":[{"embeddable":true,"href":"https:\/\/canbosch.com\/fr\/wp-json\/wp\/v2\/users\/1"}],"replies":[{"embeddable":true,"href":"https:\/\/canbosch.com\/fr\/wp-json\/wp\/v2\/comments?post=6978"}],"version-history":[{"count":18,"href":"https:\/\/canbosch.com\/fr\/wp-json\/wp\/v2\/pages\/6978\/revisions"}],"predecessor-version":[{"id":8104,"href":"https:\/\/canbosch.com\/fr\/wp-json\/wp\/v2\/pages\/6978\/revisions\/8104"}],"wp:attachment":[{"href":"https:\/\/canbosch.com\/fr\/wp-json\/wp\/v2\/media?parent=6978"}],"curies":[{"name":"wp","href":"https:\/\/api.w.org\/{rel}","templated":true}]}}