{"id":6912,"date":"2022-01-20T14:51:09","date_gmt":"2022-01-20T14:51:09","guid":{"rendered":"https:\/\/canbosch.macredi20.com\/galerie-de-la-cave\/"},"modified":"2023-02-13T10:49:54","modified_gmt":"2023-02-13T10:49:54","slug":"galerie-de-la-cave","status":"publish","type":"page","link":"https:\/\/canbosch.com\/fr\/galerie-de-la-cave\/","title":{"rendered":"Galerie de la cave"},"content":{"rendered":"<div id='full_slider_1'  class='avia-fullwidth-slider main_color avia-shadow   avia-builder-el-0  el_before_av_submenu  avia-builder-el-first   container_wrap sidebar_right'  ><div   data-size='featured_large'  data-lightbox_size='large'  data-animation='slide'  data-conditional_play=''  data-ids='5977'  data-video_counter='0'  data-autoplay='false'  data-bg_slider='false'  data-slide_height=''  data-handle='av_slideshow_full'  data-interval='5'  data-class=' '  data-el_id=''  data-css_id=''  data-scroll_down=''  data-control_layout='av-control-default'  data-custom_markup=''  data-perma_caption=''  data-autoplay_stopper=''  data-image_attachment=''  data-min_height='0px'  data-lazy_loading='disabled'  data-src=''  data-position='top left'  data-repeat='no-repeat'  data-attach='scroll'  data-stretch=''  data-img_scrset=''  data-default-height='42'  class='avia-slideshow avia-slideshow-1  av-control-default av-default-height-applied avia-slideshow-featured_large av_slideshow_full   avia-slide-slider '  itemprop=\"image\" itemscope=\"itemscope\" itemtype=\"https:\/\/schema.org\/ImageObject\" ><ul class='avia-slideshow-inner ' style='padding-bottom: 42%;' ><li  class=' av-single-slide slide-1 ' ><div data-rel='slideshow-1' class='avia-slide-wrap '   ><div class = \"caption_fullwidth av-slideshow-caption caption_left\"><div class = \"container caption_container\"><div class = \"slideshow_caption\"><div class = \"slideshow_inner_caption\"><div class = \"slideshow_align_caption\"><h2  style='font-size:80px; color:#cc9c73; ' class='avia-caption-title  '  itemprop=\"name\" >GALERIE DE NOTRE CAVE<\/h2><div class='avia-caption-content  av_inherit_color'  itemprop=\"description\"   style='font-size:30px; color:#ffffff; '><p>UNE CAVE CONTENANT PLUS DE 1200 R\u00c9F\u00c9RENCES<\/p>\n<\/div><\/div><\/div><\/div><\/div><\/div><img decoding=\"async\" class=\"wp-image-6793 avia-img-lazy-loading-not-6793\"  src=\"https:\/\/canbosch.com\/wp-content\/uploads\/2022\/01\/galeria-bodega-header-1500x630.jpg\" width=\"1500\" height=\"630\" title='galeria-bodega-header' alt=''  itemprop=\"thumbnailUrl\" srcset=\"https:\/\/canbosch.com\/wp-content\/uploads\/2022\/01\/galeria-bodega-header-1500x630.jpg 1500w, https:\/\/canbosch.com\/wp-content\/uploads\/2022\/01\/galeria-bodega-header-300x125.jpg 300w\" sizes=\"(max-width: 1500px) 100vw, 1500px\" \/><\/div><\/li><\/ul><\/div><\/div>\n<div class='clear'><\/div><div id='sub_menu1'  class='av-submenu-container av-kylrax1m-ef1acb9e1e44fdab00ba34665573cb2e main_color  avia-builder-el-1  el_after_av_slideshow_full  el_before_av_section  menupropostesgastro av-sticky-submenu submenu-not-first container_wrap sidebar_right' style='z-index:301' ><div class='container av-menu-mobile-disabled av-submenu-pos-center'><ul id='av-custom-submenu-1' class='av-subnav-menu'>\n<li class='menu-item av-kylra60k-1e9d3913db6f241a0034cc1a4d8e51b2 menu-item-top-level menu-item-top-level-1'><a href='https:\/\/canbosch.macredi20.com\/fr\/galerie-moments\/' ><span class='avia-bullet'><\/span><span class='avia-menu-text'>GALERIE MOMENTS<\/span><\/a><\/li>\n<li class='menu-item av-kylr9xl2-548e54fa6c233423eaf152cf2224fe2f menu-item-top-level menu-item-top-level-2'><a href='https:\/\/canbosch.macredi20.com\/fr\/galerie-plats\/' ><span class='avia-bullet'><\/span><span class='avia-menu-text'>GALERIE PLATS<\/span><\/a><\/li>\n<li class='menu-item av-kylral5j-11378735f11a5f64e1eb7804a5e098d8 menu-item-top-level menu-item-top-level-3'><a href='https:\/\/canbosch.macredi20.com\/fr\/galerie-de-la-cave\/' ><span class='avia-bullet'><\/span><span class='avia-menu-text'>GALERIE CAVE<\/span><\/a><\/li>\n<\/ul><\/div><\/div><div class='sticky_placeholder'><\/div>\n\n<style type=\"text\/css\" data-created_by=\"avia_inline_auto\" id=\"style-css-av-kyn3u80f-318303a0668a9f049984057281f027b5\">\n.avia-section.av-kyn3u80f-318303a0668a9f049984057281f027b5{\nbackground-color:#f9f9f9;\n}\n<\/style>\n<div id='av_section_1'  class='avia-section av-kyn3u80f-318303a0668a9f049984057281f027b5 main_color avia-section-default avia-no-border-styling  avia-builder-el-2  el_after_av_submenu  el_before_av_section  avia-bg-style-scroll container_wrap sidebar_right'  ><div class='container av-section-cont-open' ><div class='template-page content  av-content-small alpha units'><div class='post-entry post-entry-type-page post-entry-6912'><div class='entry-content-wrapper clearfix'>\n<section  class='av_textblock_section av-kyn3vc73-182cc72d92a80a739cc8d5bee0ae132b'  itemscope=\"itemscope\" itemtype=\"https:\/\/schema.org\/CreativeWork\" ><div class='avia_textblock'  itemprop=\"text\" ><h2><em>Une cave contenant plus de 1200 r\u00e9f\u00e9rences, parmi les meilleures du pays, pour accompagner et profiter de la vari\u00e9t\u00e9 de saveurs de nos plats<\/em><\/h2>\n<p>Can Bosch vous offre une vaste carte de vins contenant une s\u00e9lection soign\u00e9e des A.O. du pays et de quelques-unes des zones vinicoles du monde entier, ainsi que des diff\u00e9rents c\u00e9pages et leurs combinaisons. La cave de Can Bosch compte une offre \u00e9quilibr\u00e9e des mill\u00e9simes jeunes et de crus pour tous les palais.<\/p>\n<p>Nous proposons une s\u00e9lection de bi\u00e8res \u00e0 conjuguer avec une multitude d\u2019\u00e9laborations culinaires, comme AK Damm ou Inedit Damm, splendides avec des entr\u00e9es, des salades et des poissons \u00e0 la texture grasse, leur polyvalence permettant de les combiner \u00e0 des saveurs aigres-douces et \u00e0 des sensations piquantes.<\/p>\n<\/div><\/section>\n\n<\/div><\/div><\/div><!-- close content main div --><\/div><\/div><div id='av_section_2'  class='avia-section av-24rz01-c5a08de11d2e65ba5d62aba8a2e9043d main_color avia-section-default avia-no-border-styling  avia-builder-el-4  el_after_av_section  avia-builder-el-last  avia-bg-style-scroll container_wrap sidebar_right'  ><div class='container av-section-cont-open' ><div class='template-page content  av-content-small alpha units'><div class='post-entry post-entry-type-page post-entry-6912'><div class='entry-content-wrapper clearfix'>\n<div id='av-masonry-1' class='av-masonry av-kyn2hwy8-84f37f8fc7a1c8916a5e773a1680c1b7 noHover av-fixed-size av-large-gap av-hover-overlay-fade_out av-masonry-animation-active av-masonry-col-flexible av-caption-always av-caption-style- av-masonry-gallery av-orientation-square '><div class=\"av-masonry-container isotope av-js-disabled\"><div class='av-masonry-entry isotope-item av-masonry-item-no-image '><\/div><a href=\"https:\/\/canbosch.com\/wp-content\/uploads\/2022\/01\/DSC_8822-1030x688.jpg\" data-srcset=\"https:\/\/canbosch.com\/wp-content\/uploads\/2022\/01\/DSC_8822-1030x688.jpg 1030w, https:\/\/canbosch.com\/wp-content\/uploads\/2022\/01\/DSC_8822-300x200.jpg 300w, https:\/\/canbosch.com\/wp-content\/uploads\/2022\/01\/DSC_8822-768x513.jpg 768w, https:\/\/canbosch.com\/wp-content\/uploads\/2022\/01\/DSC_8822-705x471.jpg 705w, https:\/\/canbosch.com\/wp-content\/uploads\/2022\/01\/DSC_8822.jpg 1400w\" data-sizes=\"(max-width: 1030px) 100vw, 1030px\"  aria-label=\"image DSC_8822\"  id='av-masonry-1-item-6779' data-av-masonry-item='6779' class='av-masonry-entry isotope-item post-6779 attachment type-attachment status-inherit hentry  av-masonry-item-with-image' title=\"DSC_8822\" alt=\"\"   itemprop=\"thumbnailUrl\" ><div class='av-inner-masonry-sizer'><\/div><figure class='av-inner-masonry main_color'><div class=\"av-masonry-outerimage-container\"><div class='av-masonry-image-container' style=\"background-image: url(https:\/\/canbosch.com\/wp-content\/uploads\/2022\/01\/DSC_8822-705x471.jpg);\"  title=\"DSC_8822\"  ><\/div><\/div><\/figure><\/a><!--end av-masonry entry--><a href=\"https:\/\/canbosch.com\/wp-content\/uploads\/2022\/01\/DSC_8836-1030x686.jpg\" data-srcset=\"https:\/\/canbosch.com\/wp-content\/uploads\/2022\/01\/DSC_8836-1030x686.jpg 1030w, https:\/\/canbosch.com\/wp-content\/uploads\/2022\/01\/DSC_8836-300x200.jpg 300w, https:\/\/canbosch.com\/wp-content\/uploads\/2022\/01\/DSC_8836-768x512.jpg 768w, https:\/\/canbosch.com\/wp-content\/uploads\/2022\/01\/DSC_8836-705x470.jpg 705w, https:\/\/canbosch.com\/wp-content\/uploads\/2022\/01\/DSC_8836.jpg 1400w\" data-sizes=\"(max-width: 1030px) 100vw, 1030px\"  aria-label=\"image DSC_8836\"  id='av-masonry-1-item-6781' data-av-masonry-item='6781' class='av-masonry-entry isotope-item post-6781 attachment type-attachment status-inherit hentry  av-masonry-item-with-image' title=\"DSC_8836\" alt=\"\"   itemprop=\"thumbnailUrl\" ><div class='av-inner-masonry-sizer'><\/div><figure class='av-inner-masonry main_color'><div class=\"av-masonry-outerimage-container\"><div class='av-masonry-image-container' style=\"background-image: url(https:\/\/canbosch.com\/wp-content\/uploads\/2022\/01\/DSC_8836-705x470.jpg);\"  title=\"DSC_8836\"  ><\/div><\/div><\/figure><\/a><!--end av-masonry entry--><a href=\"https:\/\/canbosch.com\/wp-content\/uploads\/2022\/01\/DSC_8854-1030x686.jpg\" data-srcset=\"https:\/\/canbosch.com\/wp-content\/uploads\/2022\/01\/DSC_8854-1030x686.jpg 1030w, https:\/\/canbosch.com\/wp-content\/uploads\/2022\/01\/DSC_8854-300x200.jpg 300w, https:\/\/canbosch.com\/wp-content\/uploads\/2022\/01\/DSC_8854-768x512.jpg 768w, https:\/\/canbosch.com\/wp-content\/uploads\/2022\/01\/DSC_8854-705x470.jpg 705w, https:\/\/canbosch.com\/wp-content\/uploads\/2022\/01\/DSC_8854.jpg 1400w\" data-sizes=\"(max-width: 1030px) 100vw, 1030px\"  aria-label=\"image DSC_8854\"  id='av-masonry-1-item-6787' data-av-masonry-item='6787' class='av-masonry-entry isotope-item post-6787 attachment type-attachment status-inherit hentry  av-masonry-item-with-image' title=\"DSC_8854\" alt=\"\"   itemprop=\"thumbnailUrl\" ><div class='av-inner-masonry-sizer'><\/div><figure class='av-inner-masonry main_color'><div class=\"av-masonry-outerimage-container\"><div class='av-masonry-image-container' style=\"background-image: url(https:\/\/canbosch.com\/wp-content\/uploads\/2022\/01\/DSC_8854-705x470.jpg);\"  title=\"DSC_8854\"  ><\/div><\/div><\/figure><\/a><!--end av-masonry entry--><a href=\"https:\/\/canbosch.com\/wp-content\/uploads\/2022\/01\/DSC_8856-1030x688.jpg\" data-srcset=\"https:\/\/canbosch.com\/wp-content\/uploads\/2022\/01\/DSC_8856-1030x688.jpg 1030w, https:\/\/canbosch.com\/wp-content\/uploads\/2022\/01\/DSC_8856-300x200.jpg 300w, https:\/\/canbosch.com\/wp-content\/uploads\/2022\/01\/DSC_8856-768x513.jpg 768w, https:\/\/canbosch.com\/wp-content\/uploads\/2022\/01\/DSC_8856-705x471.jpg 705w, https:\/\/canbosch.com\/wp-content\/uploads\/2022\/01\/DSC_8856.jpg 1400w\" data-sizes=\"(max-width: 1030px) 100vw, 1030px\"  aria-label=\"image DSC_8856\"  id='av-masonry-1-item-6789' data-av-masonry-item='6789' class='av-masonry-entry isotope-item post-6789 attachment type-attachment status-inherit hentry  av-masonry-item-with-image' title=\"DSC_8856\" alt=\"\"   itemprop=\"thumbnailUrl\" ><div class='av-inner-masonry-sizer'><\/div><figure class='av-inner-masonry main_color'><div class=\"av-masonry-outerimage-container\"><div class='av-masonry-image-container' style=\"background-image: url(https:\/\/canbosch.com\/wp-content\/uploads\/2022\/01\/DSC_8856-705x471.jpg);\"  title=\"DSC_8856\"  ><\/div><\/div><\/figure><\/a><!--end av-masonry entry--><a href=\"https:\/\/canbosch.com\/wp-content\/uploads\/2022\/01\/1-bodega_.jpg\" data-srcset=\"https:\/\/canbosch.com\/wp-content\/uploads\/2022\/01\/1-bodega_.jpg 564w, https:\/\/canbosch.com\/wp-content\/uploads\/2022\/01\/1-bodega_-171x300.jpg 171w, https:\/\/canbosch.com\/wp-content\/uploads\/2022\/01\/1-bodega_-401x705.jpg 401w\" data-sizes=\"(max-width: 564px) 100vw, 564px\"  aria-label=\"image 1-bodega_\"  id='av-masonry-1-item-6773' data-av-masonry-item='6773' class='av-masonry-entry isotope-item post-6773 attachment type-attachment status-inherit hentry  av-masonry-item-with-image' title=\"1-bodega_\" alt=\"\"   itemprop=\"thumbnailUrl\" ><div class='av-inner-masonry-sizer'><\/div><figure class='av-inner-masonry main_color'><div class=\"av-masonry-outerimage-container\"><div class='av-masonry-image-container' style=\"background-image: url(https:\/\/canbosch.com\/wp-content\/uploads\/2022\/01\/1-bodega_-401x705.jpg);\"  title=\"1-bodega_\"  ><\/div><\/div><\/figure><\/a><!--end av-masonry entry--><a href=\"https:\/\/canbosch.com\/wp-content\/uploads\/2022\/12\/IMG_1271-1030x687.jpg\" data-srcset=\"https:\/\/canbosch.com\/wp-content\/uploads\/2022\/12\/IMG_1271-1030x687.jpg 1030w, https:\/\/canbosch.com\/wp-content\/uploads\/2022\/12\/IMG_1271-300x200.jpg 300w, https:\/\/canbosch.com\/wp-content\/uploads\/2022\/12\/IMG_1271-768x512.jpg 768w, https:\/\/canbosch.com\/wp-content\/uploads\/2022\/12\/IMG_1271-705x470.jpg 705w, https:\/\/canbosch.com\/wp-content\/uploads\/2022\/12\/IMG_1271.jpg 1200w\" data-sizes=\"(max-width: 1030px) 100vw, 1030px\"  aria-label=\"image IMG_1271\"  id='av-masonry-1-item-6807' data-av-masonry-item='6807' class='av-masonry-entry isotope-item post-6807 attachment type-attachment status-inherit hentry  av-masonry-item-with-image' title=\"IMG_1271\" alt=\"\"   itemprop=\"thumbnailUrl\" ><div class='av-inner-masonry-sizer'><\/div><figure class='av-inner-masonry main_color'><div class=\"av-masonry-outerimage-container\"><div class='av-masonry-image-container' style=\"background-image: url(https:\/\/canbosch.com\/wp-content\/uploads\/2022\/12\/IMG_1271-705x470.jpg);\"  title=\"IMG_1271\"  ><\/div><\/div><\/figure><\/a><!--end av-masonry entry--><a href=\"https:\/\/canbosch.com\/wp-content\/uploads\/2022\/12\/IMG_1269-1030x687.jpg\" data-srcset=\"https:\/\/canbosch.com\/wp-content\/uploads\/2022\/12\/IMG_1269-1030x687.jpg 1030w, https:\/\/canbosch.com\/wp-content\/uploads\/2022\/12\/IMG_1269-300x200.jpg 300w, https:\/\/canbosch.com\/wp-content\/uploads\/2022\/12\/IMG_1269-768x512.jpg 768w, https:\/\/canbosch.com\/wp-content\/uploads\/2022\/12\/IMG_1269-705x470.jpg 705w, https:\/\/canbosch.com\/wp-content\/uploads\/2022\/12\/IMG_1269.jpg 1200w\" data-sizes=\"(max-width: 1030px) 100vw, 1030px\"  aria-label=\"image IMG_1269\"  id='av-masonry-1-item-6805' data-av-masonry-item='6805' class='av-masonry-entry isotope-item post-6805 attachment type-attachment status-inherit hentry  av-masonry-item-with-image' title=\"IMG_1269\" alt=\"\"   itemprop=\"thumbnailUrl\" ><div class='av-inner-masonry-sizer'><\/div><figure class='av-inner-masonry main_color'><div class=\"av-masonry-outerimage-container\"><div class='av-masonry-image-container' style=\"background-image: url(https:\/\/canbosch.com\/wp-content\/uploads\/2022\/12\/IMG_1269-705x470.jpg);\"  title=\"IMG_1269\"  ><\/div><\/div><\/figure><\/a><!--end av-masonry entry--><a href=\"https:\/\/canbosch.com\/wp-content\/uploads\/2022\/01\/DSC_8848-1030x688.jpg\" data-srcset=\"https:\/\/canbosch.com\/wp-content\/uploads\/2022\/01\/DSC_8848-1030x688.jpg 1030w, https:\/\/canbosch.com\/wp-content\/uploads\/2022\/01\/DSC_8848-300x200.jpg 300w, https:\/\/canbosch.com\/wp-content\/uploads\/2022\/01\/DSC_8848-768x513.jpg 768w, https:\/\/canbosch.com\/wp-content\/uploads\/2022\/01\/DSC_8848-705x471.jpg 705w, https:\/\/canbosch.com\/wp-content\/uploads\/2022\/01\/DSC_8848.jpg 1400w\" data-sizes=\"(max-width: 1030px) 100vw, 1030px\"  aria-label=\"image DSC_8848\"  id='av-masonry-1-item-6783' data-av-masonry-item='6783' class='av-masonry-entry isotope-item post-6783 attachment type-attachment status-inherit hentry  av-masonry-item-with-image' title=\"DSC_8848\" alt=\"\"   itemprop=\"thumbnailUrl\" ><div class='av-inner-masonry-sizer'><\/div><figure class='av-inner-masonry main_color'><div class=\"av-masonry-outerimage-container\"><div class='av-masonry-image-container' style=\"background-image: url(https:\/\/canbosch.com\/wp-content\/uploads\/2022\/01\/DSC_8848-705x471.jpg);\"  title=\"DSC_8848\"  ><\/div><\/div><\/figure><\/a><!--end av-masonry entry--><a href=\"https:\/\/canbosch.com\/wp-content\/uploads\/2022\/01\/DSC_8853-1030x688.jpg\" data-srcset=\"https:\/\/canbosch.com\/wp-content\/uploads\/2022\/01\/DSC_8853-1030x688.jpg 1030w, https:\/\/canbosch.com\/wp-content\/uploads\/2022\/01\/DSC_8853-300x200.jpg 300w, https:\/\/canbosch.com\/wp-content\/uploads\/2022\/01\/DSC_8853-768x513.jpg 768w, https:\/\/canbosch.com\/wp-content\/uploads\/2022\/01\/DSC_8853-705x471.jpg 705w, https:\/\/canbosch.com\/wp-content\/uploads\/2022\/01\/DSC_8853.jpg 1400w\" data-sizes=\"(max-width: 1030px) 100vw, 1030px\"  aria-label=\"image DSC_8853\"  id='av-masonry-1-item-6785' data-av-masonry-item='6785' class='av-masonry-entry isotope-item post-6785 attachment type-attachment status-inherit hentry  av-masonry-item-with-image' title=\"DSC_8853\" alt=\"\"   itemprop=\"thumbnailUrl\" ><div class='av-inner-masonry-sizer'><\/div><figure class='av-inner-masonry main_color'><div class=\"av-masonry-outerimage-container\"><div class='av-masonry-image-container' style=\"background-image: url(https:\/\/canbosch.com\/wp-content\/uploads\/2022\/01\/DSC_8853-705x471.jpg);\"  title=\"DSC_8853\"  ><\/div><\/div><\/figure><\/a><!--end av-masonry entry--><a href=\"https:\/\/canbosch.com\/wp-content\/uploads\/2022\/01\/DSC_8876-1030x688.jpg\" data-srcset=\"https:\/\/canbosch.com\/wp-content\/uploads\/2022\/01\/DSC_8876-1030x688.jpg 1030w, https:\/\/canbosch.com\/wp-content\/uploads\/2022\/01\/DSC_8876-300x200.jpg 300w, https:\/\/canbosch.com\/wp-content\/uploads\/2022\/01\/DSC_8876-768x513.jpg 768w, https:\/\/canbosch.com\/wp-content\/uploads\/2022\/01\/DSC_8876-705x471.jpg 705w, https:\/\/canbosch.com\/wp-content\/uploads\/2022\/01\/DSC_8876.jpg 1400w\" data-sizes=\"(max-width: 1030px) 100vw, 1030px\"  aria-label=\"image DSC_8876\"  id='av-masonry-1-item-6791' data-av-masonry-item='6791' class='av-masonry-entry isotope-item post-6791 attachment type-attachment status-inherit hentry  av-masonry-item-with-image' title=\"DSC_8876\" alt=\"\"   itemprop=\"thumbnailUrl\" ><div class='av-inner-masonry-sizer'><\/div><figure class='av-inner-masonry main_color'><div class=\"av-masonry-outerimage-container\"><div class='av-masonry-image-container' style=\"background-image: url(https:\/\/canbosch.com\/wp-content\/uploads\/2022\/01\/DSC_8876-705x471.jpg);\"  title=\"DSC_8876\"  ><\/div><\/div><\/figure><\/a><!--end av-masonry entry--><a href=\"https:\/\/canbosch.com\/wp-content\/uploads\/2022\/01\/2-vi_.jpg\" data-srcset=\"https:\/\/canbosch.com\/wp-content\/uploads\/2022\/01\/2-vi_.jpg 742w, https:\/\/canbosch.com\/wp-content\/uploads\/2022\/01\/2-vi_-300x270.jpg 300w, https:\/\/canbosch.com\/wp-content\/uploads\/2022\/01\/2-vi_-705x636.jpg 705w\" data-sizes=\"(max-width: 742px) 100vw, 742px\"  aria-label=\"image 2-vi_\"  id='av-masonry-1-item-6775' data-av-masonry-item='6775' class='av-masonry-entry isotope-item post-6775 attachment type-attachment status-inherit hentry  av-masonry-item-with-image' title=\"2-vi_\" alt=\"\"   itemprop=\"thumbnailUrl\" ><div class='av-inner-masonry-sizer'><\/div><figure class='av-inner-masonry main_color'><div class=\"av-masonry-outerimage-container\"><div class='av-masonry-image-container' style=\"background-image: url(https:\/\/canbosch.com\/wp-content\/uploads\/2022\/01\/2-vi_-705x636.jpg);\"  title=\"2-vi_\"  ><\/div><\/div><\/figure><\/a><!--end av-masonry entry--><a href=\"https:\/\/canbosch.com\/wp-content\/uploads\/2022\/01\/5-inedit_.jpg\" data-srcset=\"https:\/\/canbosch.com\/wp-content\/uploads\/2022\/01\/5-inedit_.jpg 587w, https:\/\/canbosch.com\/wp-content\/uploads\/2022\/01\/5-inedit_-300x257.jpg 300w\" data-sizes=\"(max-width: 587px) 100vw, 587px\"  aria-label=\"image 5-inedit_\"  id='av-masonry-1-item-6777' data-av-masonry-item='6777' class='av-masonry-entry isotope-item post-6777 attachment type-attachment status-inherit hentry  av-masonry-item-with-image' title=\"5-inedit_\" alt=\"\"   itemprop=\"thumbnailUrl\" ><div class='av-inner-masonry-sizer'><\/div><figure class='av-inner-masonry main_color'><div class=\"av-masonry-outerimage-container\"><div class='av-masonry-image-container' style=\"background-image: url(https:\/\/canbosch.com\/wp-content\/uploads\/2022\/01\/5-inedit_.jpg);\"  title=\"5-inedit_\"  ><\/div><\/div><\/figure><\/a><!--end av-masonry entry--><\/div><\/div>\n<\/div><\/div><\/div><!-- close content main div --><\/div><\/div><div id='after_section_2'  class='main_color av_default_container_wrap container_wrap sidebar_right'  ><div class='container av-section-cont-open' ><div class='template-page content  av-content-small alpha units'><div class='post-entry post-entry-type-page post-entry-6912'><div class='entry-content-wrapper clearfix'>\n","protected":false},"excerpt":{"rendered":"","protected":false},"author":1,"featured_media":0,"parent":0,"menu_order":0,"comment_status":"closed","ping_status":"closed","template":"","meta":{"footnotes":""},"class_list":["post-6912","page","type-page","status-publish","hentry"],"_links":{"self":[{"href":"https:\/\/canbosch.com\/fr\/wp-json\/wp\/v2\/pages\/6912","targetHints":{"allow":["GET"]}}],"collection":[{"href":"https:\/\/canbosch.com\/fr\/wp-json\/wp\/v2\/pages"}],"about":[{"href":"https:\/\/canbosch.com\/fr\/wp-json\/wp\/v2\/types\/page"}],"author":[{"embeddable":true,"href":"https:\/\/canbosch.com\/fr\/wp-json\/wp\/v2\/users\/1"}],"replies":[{"embeddable":true,"href":"https:\/\/canbosch.com\/fr\/wp-json\/wp\/v2\/comments?post=6912"}],"version-history":[{"count":7,"href":"https:\/\/canbosch.com\/fr\/wp-json\/wp\/v2\/pages\/6912\/revisions"}],"predecessor-version":[{"id":7092,"href":"https:\/\/canbosch.com\/fr\/wp-json\/wp\/v2\/pages\/6912\/revisions\/7092"}],"wp:attachment":[{"href":"https:\/\/canbosch.com\/fr\/wp-json\/wp\/v2\/media?parent=6912"}],"curies":[{"name":"wp","href":"https:\/\/api.w.org\/{rel}","templated":true}]}}