{"id":6905,"date":"2022-01-18T08:52:44","date_gmt":"2022-01-18T08:52:44","guid":{"rendered":"https:\/\/canbosch.macredi20.com\/historie\/"},"modified":"2023-02-20T10:23:12","modified_gmt":"2023-02-20T10:23:12","slug":"historie","status":"publish","type":"page","link":"https:\/\/canbosch.com\/fr\/historie\/","title":{"rendered":"Histoire"},"content":{"rendered":"<div id='full_slider_1'  class='avia-fullwidth-slider main_color avia-shadow   avia-builder-el-0  el_before_av_section  avia-builder-el-first   container_wrap sidebar_right'  ><div   data-size='featured_large'  data-lightbox_size='large'  data-animation='slide'  data-conditional_play=''  data-ids='5578'  data-video_counter='0'  data-autoplay='false'  data-bg_slider='false'  data-slide_height=''  data-handle='av_slideshow_full'  data-interval='5'  data-class=' '  data-el_id=''  data-css_id=''  data-scroll_down=''  data-control_layout='av-control-default'  data-custom_markup=''  data-perma_caption=''  data-autoplay_stopper=''  data-image_attachment=''  data-min_height='0px'  data-lazy_loading='disabled'  data-src=''  data-position='top left'  data-repeat='no-repeat'  data-attach='scroll'  data-stretch=''  data-img_scrset=''  data-default-height='42'  class='avia-slideshow avia-slideshow-1  av-control-default av-default-height-applied avia-slideshow-featured_large av_slideshow_full   avia-slide-slider '  itemprop=\"image\" itemscope=\"itemscope\" itemtype=\"https:\/\/schema.org\/ImageObject\" ><ul class='avia-slideshow-inner ' style='padding-bottom: 42%;' ><li  class=' av-single-slide slide-1 ' ><div data-rel='slideshow-1' class='avia-slide-wrap '   ><div class = \"caption_fullwidth av-slideshow-caption caption_left\"><div class = \"container caption_container\"><div class = \"slideshow_caption\"><div class = \"slideshow_inner_caption\"><div class = \"slideshow_align_caption\"><h2  style='font-size:100px; color:#cc9c73; ' class='avia-caption-title  '  itemprop=\"name\" >Histoire<\/h2><div class='avia-caption-content  av_inherit_color'  itemprop=\"description\"   style='font-size:30px; '><p>D\u2019O\u00d9 VENONS-NOUS<\/p>\n<\/div><\/div><\/div><\/div><\/div><\/div><img decoding=\"async\" class=\"wp-image-6597 avia-img-lazy-loading-not-6597\"  src=\"https:\/\/canbosch.com\/wp-content\/uploads\/2022\/01\/header-historia-1500x630.jpg\" width=\"1500\" height=\"630\" title='header-historia' alt=''  itemprop=\"thumbnailUrl\" srcset=\"https:\/\/canbosch.com\/wp-content\/uploads\/2022\/01\/header-historia-1500x630.jpg 1500w, https:\/\/canbosch.com\/wp-content\/uploads\/2022\/01\/header-historia-300x125.jpg 300w\" sizes=\"(max-width: 1500px) 100vw, 1500px\" \/><\/div><\/li><\/ul><\/div><\/div>\n<div id='av_section_1'  class='avia-section av-kyk45884-b8d69baccc618ae0258ef8b0e954738e main_color avia-section-huge avia-no-border-styling  avia-builder-el-1  el_after_av_slideshow_full  el_before_av_section  avia-bg-style-scroll container_wrap sidebar_right'  ><div class='container av-section-cont-open' ><div class='template-page content  av-content-small alpha units'><div class='post-entry post-entry-type-page post-entry-6905'><div class='entry-content-wrapper clearfix'>\n<div class='flex_column av-99ci6q-2f0b45177f2adf6fbf65b24583674021 av_one_half  avia-builder-el-2  el_before_av_one_half  avia-builder-el-first  first flex_column_div '   ><style type=\"text\/css\" data-created_by=\"avia_inline_auto\" id=\"style-css-av-kyk47xch-c89fd8a1f7a1ef14636d29b7124e83b2\">\n.avia-image-container.av-kyk47xch-c89fd8a1f7a1ef14636d29b7124e83b2 .av-image-caption-overlay-center{\ncolor:#ffffff;\n}\n<\/style>\n<div  class='avia-image-container av-kyk47xch-c89fd8a1f7a1ef14636d29b7124e83b2 av-styling- avia-align-center  avia-builder-el-3  avia-builder-el-no-sibling '  itemprop=\"image\" itemscope=\"itemscope\" itemtype=\"https:\/\/schema.org\/ImageObject\" ><div class=\"avia-image-container-inner\"><div class=\"avia-image-overlay-wrap\"><img decoding=\"async\" class='wp-image-6599 avia-img-lazy-loading-not-6599 avia_image' src=\"https:\/\/canbosch.com\/wp-content\/uploads\/2022\/01\/cuadricula-historia-can-bosch.jpg\" alt='' title='cuadricula-historia-can-bosch'  height=\"439\" width=\"580\"  itemprop=\"thumbnailUrl\" srcset=\"https:\/\/canbosch.com\/wp-content\/uploads\/2022\/01\/cuadricula-historia-can-bosch.jpg 580w, https:\/\/canbosch.com\/wp-content\/uploads\/2022\/01\/cuadricula-historia-can-bosch-300x227.jpg 300w\" sizes=\"(max-width: 580px) 100vw, 580px\" \/><\/div><\/div><\/div><\/div><div class='flex_column av-6wh5wi-35bad4eae315aaafe32523e2ccbb5ac8 av_one_half  avia-builder-el-4  el_after_av_one_half  avia-builder-el-last  flex_column_div '   ><p>\n<style type=\"text\/css\" data-created_by=\"avia_inline_auto\" id=\"style-css-av-kyk5q2m2-7c761bc99c7d9975822e7f8934dcda52\">\n#top .av-special-heading.av-kyk5q2m2-7c761bc99c7d9975822e7f8934dcda52{\npadding-bottom:10px;\n}\nbody .av-special-heading.av-kyk5q2m2-7c761bc99c7d9975822e7f8934dcda52 .av-special-heading-tag .heading-char{\nfont-size:25px;\n}\n.av-special-heading.av-kyk5q2m2-7c761bc99c7d9975822e7f8934dcda52 .av-subheading{\nfont-size:15px;\n}\n<\/style>\n<div  class='av-special-heading av-kyk5q2m2-7c761bc99c7d9975822e7f8934dcda52 av-special-heading-h2  avia-builder-el-5  el_before_av_textblock  avia-builder-el-first '><h2 class='av-special-heading-tag'  itemprop=\"headline\"  >Le restaurant Can Bosch<\/h2><div class=\"special-heading-border\"><div class=\"special-heading-inner-border\"><\/div><\/div><\/div><br \/>\n<section  class='av_textblock_section av-kyk41e1h-6410a2e28af39d1edced64763e208b67'  itemscope=\"itemscope\" itemtype=\"https:\/\/schema.org\/CreativeWork\" ><div class='avia_textblock'  itemprop=\"text\" ><p><strong>prend ses origines dans le modeste caf\u00e9 de p\u00eacheurs ouvert par Juan Bautista Bosch et Lourdes Font en 1969, \u00e0 quelques m\u00e8tres du port de Cambrils.<\/strong> Le caf\u00e9 devint ensuite un bistrot puis, \u00e0 partir de 1980, un restaurant. Depuis, il a su se positionner comme un local de r\u00e9f\u00e9rence de notre gastronomie, avec une \u00e9toile Michelin obtenue en 1984, pour ne citer que l\u2019une des nombreuses reconnaissances.<\/p>\n<p>Depuis 1982, Juan Bosch aux fourneaux et Montserrat Costa au service ont maintenu ce niveau d\u2019excellence et ont su conjuguer le respect de la tradition de la cuisine de la mer traditionnelle \u2013 leurs racines \u2013 et les nouveaux courants culinaires qui se sont impos\u00e9s dans les derni\u00e8res d\u00e9cennies.<\/p>\n<p>En 2012, le restaurant incorpore la troisi\u00e8me g\u00e9n\u00e9ration de cette famille, repr\u00e9sent\u00e9e par Arnau Bosch. Il s\u2019agit donc d\u2019une continuit\u00e9 au sein d\u2019un projet tr\u00e8s enracin\u00e9 dans son lieu d\u2019origine, qui ne se contente pas de ce qu\u2019il a obtenu, mais qui cherche sans cesse \u00e0 mieux faire.<\/p>\n<\/div><\/section><\/p><\/div><\/div><\/div><\/div><!-- close content main div --><\/div><\/div>\n<style type=\"text\/css\" data-created_by=\"avia_inline_auto\" id=\"style-css-av-kyk5ujqb-a3a5db68905f8fa85a2df24f9e1315a9\">\n.avia-section.av-kyk5ujqb-a3a5db68905f8fa85a2df24f9e1315a9{\nbackground-color:#f9f9f9;\n}\n<\/style>\n<div id='cuina'  class='avia-section av-kyk5ujqb-a3a5db68905f8fa85a2df24f9e1315a9 main_color avia-section-huge avia-no-border-styling  avia-builder-el-7  el_after_av_section  avia-builder-el-last  avia-bg-style-scroll container_wrap sidebar_right'  ><div class='container av-section-cont-open' ><div class='template-page content  av-content-small alpha units'><div class='post-entry post-entry-type-page post-entry-6905'><div class='entry-content-wrapper clearfix'>\n<div class='flex_column av-69oh5e-ccf2c730488f6cfccf4965872d9821fd av_one_half  avia-builder-el-8  el_before_av_one_half  avia-builder-el-first  first flex_column_div '   ><p>\n<style type=\"text\/css\" data-created_by=\"avia_inline_auto\" id=\"style-css-av-kyk5x1ki-d0b9fda45dcf06d288b360383147d651\">\n#top .av-special-heading.av-kyk5x1ki-d0b9fda45dcf06d288b360383147d651{\npadding-bottom:10px;\n}\nbody .av-special-heading.av-kyk5x1ki-d0b9fda45dcf06d288b360383147d651 .av-special-heading-tag .heading-char{\nfont-size:25px;\n}\n.av-special-heading.av-kyk5x1ki-d0b9fda45dcf06d288b360383147d651 .av-subheading{\nfont-size:15px;\n}\n<\/style>\n<div  class='av-special-heading av-kyk5x1ki-d0b9fda45dcf06d288b360383147d651 av-special-heading-h2 blockquote modern-quote  avia-builder-el-9  el_before_av_textblock  avia-builder-el-first '><h2 class='av-special-heading-tag'  itemprop=\"headline\"  >Notre cuisine<\/h2><div class='av-subheading av-subheading_below'><p>O\u00d9 ALLONS-NOUS<\/p>\n<\/div><div class=\"special-heading-border\"><div class=\"special-heading-inner-border\"><\/div><\/div><\/div><br \/>\n<section  class='av_textblock_section av-40et2q-d00213749eab02e117f32f67e29b25e9'  itemscope=\"itemscope\" itemtype=\"https:\/\/schema.org\/CreativeWork\" ><div class='avia_textblock'  itemprop=\"text\" ><p><strong>La mer dans l&rsquo;assiette.<\/strong> C\u2019est ainsi que nous pourrions r\u00e9sumer la philosophie culinaire de Can Bosch, un restaurant qui combine avec maestria les produits apport\u00e9s par les barques de p\u00eacheurs de Cambrils et les fruits et l\u00e9gumes r\u00e9colt\u00e9s dans les villages des alentours.<\/p>\n<p>La qualit\u00e9 du produit, essentiellement un produit de proximit\u00e9, qui passe presque directement de la barque ou du potager \u00e0 notre cuisine, o\u00f9 il est trait\u00e9 avec un profond respect de la tradition culinaire du pays mais en recherchant toujours un renouvellement constant.<\/p>\n<\/div><\/section><\/p><\/div><div class='flex_column av-2dd90i-7c0d8e380026eaab3687ff6eb806e012 av_one_half  avia-builder-el-11  el_after_av_one_half  avia-builder-el-last  flex_column_div '   ><p>\n<style type=\"text\/css\" data-created_by=\"avia_inline_auto\" id=\"style-css-av-kyk61y2w-c8d197deaaa9251bc4488b0cd04d3369\">\n.avia-image-container.av-kyk61y2w-c8d197deaaa9251bc4488b0cd04d3369 .av-image-caption-overlay-center{\ncolor:#ffffff;\n}\n<\/style>\n<div  class='avia-image-container av-kyk61y2w-c8d197deaaa9251bc4488b0cd04d3369 av-styling- avia-align-center  avia-builder-el-12  el_before_av_image  avia-builder-el-first '  itemprop=\"image\" itemscope=\"itemscope\" itemtype=\"https:\/\/schema.org\/ImageObject\" ><div class=\"avia-image-container-inner\"><div class=\"avia-image-overlay-wrap\"><img decoding=\"async\" class='wp-image-6601 avia-img-lazy-loading-not-6601 avia_image' src=\"https:\/\/canbosch.com\/wp-content\/uploads\/2022\/01\/cuadricula-cuina-can-bosch.jpg\" alt='' title='cuadricula-cuina-can-bosch'  height=\"210\" width=\"578\"  itemprop=\"thumbnailUrl\" srcset=\"https:\/\/canbosch.com\/wp-content\/uploads\/2022\/01\/cuadricula-cuina-can-bosch.jpg 578w, https:\/\/canbosch.com\/wp-content\/uploads\/2022\/01\/cuadricula-cuina-can-bosch-300x109.jpg 300w\" sizes=\"(max-width: 578px) 100vw, 578px\" \/><\/div><\/div><\/div><br \/>\n\n<style type=\"text\/css\" data-created_by=\"avia_inline_auto\" id=\"style-css-av-kyk6dbw3-c689c87e811b326431571f448472c107\">\n.avia-image-container.av-kyk6dbw3-c689c87e811b326431571f448472c107 .av-image-caption-overlay-center{\ncolor:#ffffff;\n}\n<\/style>\n<div  class='avia-image-container av-kyk6dbw3-c689c87e811b326431571f448472c107 av-styling- avia-align-center  avia-builder-el-13  el_after_av_image  avia-builder-el-last '  itemprop=\"image\" itemscope=\"itemscope\" itemtype=\"https:\/\/schema.org\/ImageObject\" ><div class=\"avia-image-container-inner\"><div class=\"avia-image-overlay-wrap\"><img decoding=\"async\" class='wp-image-6603 avia-img-lazy-loading-not-6603 avia_image' src=\"https:\/\/canbosch.com\/wp-content\/uploads\/2022\/01\/cuadricula-cuina-can-bosch2.jpg\" alt='' title='cuadricula-cuina-can-bosch2'  height=\"210\" width=\"578\"  itemprop=\"thumbnailUrl\" srcset=\"https:\/\/canbosch.com\/wp-content\/uploads\/2022\/01\/cuadricula-cuina-can-bosch2.jpg 578w, https:\/\/canbosch.com\/wp-content\/uploads\/2022\/01\/cuadricula-cuina-can-bosch2-300x109.jpg 300w\" sizes=\"(max-width: 578px) 100vw, 578px\" \/><\/div><\/div><\/div><\/p><\/div>\n<\/div><\/div><\/div><!-- close content main div --><\/div><\/div><div id='after_section_2'  class='main_color av_default_container_wrap container_wrap sidebar_right'  ><div class='container av-section-cont-open' ><div class='template-page content  av-content-small alpha units'><div class='post-entry post-entry-type-page post-entry-6905'><div class='entry-content-wrapper clearfix'><\/p>\n","protected":false},"excerpt":{"rendered":"","protected":false},"author":1,"featured_media":0,"parent":0,"menu_order":0,"comment_status":"closed","ping_status":"closed","template":"","meta":{"footnotes":""},"class_list":["post-6905","page","type-page","status-publish","hentry"],"_links":{"self":[{"href":"https:\/\/canbosch.com\/fr\/wp-json\/wp\/v2\/pages\/6905","targetHints":{"allow":["GET"]}}],"collection":[{"href":"https:\/\/canbosch.com\/fr\/wp-json\/wp\/v2\/pages"}],"about":[{"href":"https:\/\/canbosch.com\/fr\/wp-json\/wp\/v2\/types\/page"}],"author":[{"embeddable":true,"href":"https:\/\/canbosch.com\/fr\/wp-json\/wp\/v2\/users\/1"}],"replies":[{"embeddable":true,"href":"https:\/\/canbosch.com\/fr\/wp-json\/wp\/v2\/comments?post=6905"}],"version-history":[{"count":21,"href":"https:\/\/canbosch.com\/fr\/wp-json\/wp\/v2\/pages\/6905\/revisions"}],"predecessor-version":[{"id":7236,"href":"https:\/\/canbosch.com\/fr\/wp-json\/wp\/v2\/pages\/6905\/revisions\/7236"}],"wp:attachment":[{"href":"https:\/\/canbosch.com\/fr\/wp-json\/wp\/v2\/media?parent=6905"}],"curies":[{"name":"wp","href":"https:\/\/api.w.org\/{rel}","templated":true}]}}