{"id":6464,"date":"2023-01-02T12:06:18","date_gmt":"2023-01-02T12:06:18","guid":{"rendered":"https:\/\/canbosch.macredi20.com\/condiciones-de-compra-y-devoluciones\/"},"modified":"2023-01-02T12:13:46","modified_gmt":"2023-01-02T12:13:46","slug":"condiciones-de-compra-y-devoluciones","status":"publish","type":"page","link":"https:\/\/canbosch.com\/es\/condiciones-de-compra-y-devoluciones\/","title":{"rendered":"Condiciones de compra y devoluciones"},"content":{"rendered":"\n<style type=\"text\/css\" data-created_by=\"avia_inline_auto\" id=\"style-css-av-lcerevzl-f21593943eb32e1fd593e4f818f8a506\">\n#top .av-special-heading.av-lcerevzl-f21593943eb32e1fd593e4f818f8a506{\npadding-bottom:10px;\n}\nbody .av-special-heading.av-lcerevzl-f21593943eb32e1fd593e4f818f8a506 .av-special-heading-tag .heading-char{\nfont-size:25px;\n}\n.av-special-heading.av-lcerevzl-f21593943eb32e1fd593e4f818f8a506 .av-subheading{\nfont-size:15px;\n}\n<\/style>\n<div  class='av-special-heading av-lcerevzl-f21593943eb32e1fd593e4f818f8a506 av-special-heading-h1  avia-builder-el-0  el_before_av_hr  avia-builder-el-first '><h1 class='av-special-heading-tag'  itemprop=\"headline\"  >Condiciones de compra y devoluciones<\/h1><div class=\"special-heading-border\"><div class=\"special-heading-inner-border\"><\/div><\/div><\/div>\n\n<style type=\"text\/css\" data-created_by=\"avia_inline_auto\" id=\"style-css-av-lcerfcr9-b7ee50b651e0c6abc3e44fad22714190\">\n#top .hr.hr-invisible.av-lcerfcr9-b7ee50b651e0c6abc3e44fad22714190{\nheight:40px;\n}\n<\/style>\n<div  class='hr av-lcerfcr9-b7ee50b651e0c6abc3e44fad22714190 hr-invisible  avia-builder-el-1  el_after_av_heading  el_before_av_textblock '><span class='hr-inner '><span class=\"hr-inner-style\"><\/span><\/span><\/div>\n<section  class='av_textblock_section av-lcem1a5c-dceaf32a0b8fd87e4f861e7c32074567'  itemscope=\"itemscope\" itemtype=\"https:\/\/schema.org\/CreativeWork\" ><div class='avia_textblock'  itemprop=\"text\" ><h4>DISPONIBILITAT I LLIURAMENT<\/h4>\n<p>El nostre objectiu \u00e9s proporcionar el millor servei de lliurament possible. Lamentablement, les coses no sempre surten segons el planejat i alguns factors poden ocasionalment impedir que aconseguim el nostre objectiu en aquest sentit. Ens esfor\u00e7arem a l\u2019m\u00e0xim per garantir que la seva Dinar es lliuri a l\u2019hora especificada al correu electr\u00f2nic ia la p\u00e0gina web. El termini de lliurament de la seva comanda es determinar\u00e0 tenint en compte el nombre de comandes i les circumst\u00e0ncies que afectin el Restaurant associat en aquest moment.<\/p>\n<h4>CONDICIONS DE RECOLLIDA<\/h4>\n<p>Les recollides s\u00f3n gratu\u00eftes, Can Bosch nom\u00e9s lliurament les seves comandes al Restaurant Can Bosch, Rambla Jaume I, 19 Cambrils 43850.<\/p>\n<h4>DEVOLUCIONS:<\/h4>\n<p>Nom\u00e9s s\u2019admeten devolucions amb 2 dies d\u2019antelaci\u00f3 a la data de la comanda.<\/p>\n<h4>CANCELACIONS:<\/h4>\n<p>T\u00e9 dret a cancel\u00b7lar una comanda dins d\u2019un termini raonable abans que es converteixi en una Comanda iniciat. Classificarem com demanat negatiu qualsevol demanat que sigui cancel\u00b7lat despr\u00e9s que ja s\u2019hagi utilitzat menjar per comen\u00e7ar la seva preparaci\u00f3 (un \u201cComanda iniciat\u201d). Els clients poden cancel\u00b7lar una comanda contactant a l\u2019restaurant al 977.360 019. D\u2019altra banda, Restaurant Can Bosch podr\u00e0 cancel\u00b7lar qualsevol comanda i l\u2019informar\u00e0 una vegada cancel\u00b7lat el mateix. No se li cobrar\u00e0 cap comanda cancel\u00b7lat de conformitat amb la present cl\u00e0usula. Qualsevol pagament efectuat abans de Restaurant Can Bosch cancel\u00b7li una comanda ser\u00e0 normalment reemborsat mitjan\u00e7ant el mateix m\u00e8tode que V\u00e8. Hagi emprat per pagar la comanda. Per\u00f2 s\u00ed se li cobrar\u00e0 qualsevol comanda cancel\u00b7lat despr\u00e9s d\u2019haver-se convertit en Comanda iniciat.<\/p>\n<h4>PREUS I PAGAMENT:<\/h4>\n<p>El preu de totes les Menjars figurar\u00e0 llistat al nostre Servei. Els preus inclouen l\u2019IVA. Els preus s\u00f3n susceptibles de modificaci\u00f3 en qualsevol moment, per\u00f2 els canvis no afectaran les comandes pel que fa a la informaci\u00f3 que se li presenta al Correu electr\u00f2nic de confirmaci\u00f3, excepte en cas d\u2019error obvi en el preu, en aquest cas l\u2019informarem amb el m\u00e9s aviat possible sobre el problema relatiu a l\u2019preu. Podr\u00e0 cancel\u00b7lar la seva comanda un cop l\u2019hi h\u00e0gim notificat. Malgrat el nostre millor esfor\u00e7, algunes de les Menjars llistades en el nostre servei poden presentar preus incorrectes. Normalment, Restaurant Can Bosch comprovar\u00e0 els preus com a part de l\u2019procediment de la comanda. El pagament de les Menjars s\u2019efectua amb targeta de cr\u00e8dit o d\u00e8bit a trav\u00e9s del nostre Servei. Un cop confirmat la seva comanda s\u2019haur\u00e0 autoritzat la seva targeta de cr\u00e8dit o d\u00e8bit i marcat l\u2019import de pagament. El pagament s\u2019efectua directament a Restaurant Can Bosch que actua com a agent.<\/p>\n<h4>SEGURETAT PROTECCI\u00d3 A COMPRADORS:<\/h4>\n<p>Els pagaments de les compres en canbosch.com per TPV virtual es fan a trav\u00e9s de Redsys (Canal oficial de pagament de CAIXABANK) amb tots els sistemes d\u2019encriptaci\u00f3 i seguretat de transfer\u00e8ncia de dades a trav\u00e9s del protocol SSL, de manera que el comprador gaudir\u00e0 en tot moment amb la protecci\u00f3 d\u2019aquests canals.<\/p>\n<h4>PREUS I PAGAMENT:<\/h4>\n<p>El preu de totes les Menjars figurar\u00e0 llistat al nostre Servei. Els preus inclouen l\u2019IVA. Els preus s\u00f3n susceptibles de modificaci\u00f3 en qualsevol moment, per\u00f2 els canvis no afectaran les comandes pel que fa a la informaci\u00f3 que se li presenta al Correu electr\u00f2nic de confirmaci\u00f3, excepte en cas d\u2019error obvi en el preu, en aquest cas l\u2019informarem amb el m\u00e9s aviat possible sobre el problema relatiu a l\u2019preu. Podr\u00e0 cancel\u00b7lar la seva comanda un cop l\u2019hi h\u00e0gim notificat. Malgrat el nostre millor esfor\u00e7, algunes de les Menjars llistades en el nostre servei poden presentar preus incorrectes. Normalment, Restaurant Can Bosch comprovar\u00e0 els preus com a part de l\u2019procediment de la comanda. El pagament de les Menjars s\u2019efectua amb targeta de cr\u00e8dit o d\u00e8bit a trav\u00e9s del nostre Servei. Un cop confirmat la seva comanda s\u2019haur\u00e0 autoritzat la seva targeta de cr\u00e8dit o d\u00e8bit i marcat l\u2019import de pagament. El pagament s\u2019efectua directament a Restaurant Can Bosch que actua com a agent.<\/p>\n<\/div><\/section>\n","protected":false},"excerpt":{"rendered":"","protected":false},"author":1,"featured_media":0,"parent":0,"menu_order":0,"comment_status":"closed","ping_status":"closed","template":"","meta":{"footnotes":""},"class_list":["post-6464","page","type-page","status-publish","hentry"],"_links":{"self":[{"href":"https:\/\/canbosch.com\/es\/wp-json\/wp\/v2\/pages\/6464","targetHints":{"allow":["GET"]}}],"collection":[{"href":"https:\/\/canbosch.com\/es\/wp-json\/wp\/v2\/pages"}],"about":[{"href":"https:\/\/canbosch.com\/es\/wp-json\/wp\/v2\/types\/page"}],"author":[{"embeddable":true,"href":"https:\/\/canbosch.com\/es\/wp-json\/wp\/v2\/users\/1"}],"replies":[{"embeddable":true,"href":"https:\/\/canbosch.com\/es\/wp-json\/wp\/v2\/comments?post=6464"}],"version-history":[{"count":2,"href":"https:\/\/canbosch.com\/es\/wp-json\/wp\/v2\/pages\/6464\/revisions"}],"predecessor-version":[{"id":6466,"href":"https:\/\/canbosch.com\/es\/wp-json\/wp\/v2\/pages\/6464\/revisions\/6466"}],"wp:attachment":[{"href":"https:\/\/canbosch.com\/es\/wp-json\/wp\/v2\/media?parent=6464"}],"curies":[{"name":"wp","href":"https:\/\/api.w.org\/{rel}","templated":true}]}}