{"id":6403,"date":"2022-01-13T11:52:15","date_gmt":"2022-01-13T11:52:15","guid":{"rendered":"https:\/\/canbosch.macredi20.com\/avis-legal\/"},"modified":"2023-02-01T10:37:03","modified_gmt":"2023-02-01T10:37:03","slug":"aviso-legal","status":"publish","type":"page","link":"https:\/\/canbosch.com\/es\/aviso-legal\/","title":{"rendered":"Av\u00eds Legal"},"content":{"rendered":"\n<style type=\"text\/css\" data-created_by=\"avia_inline_auto\" id=\"style-css-av-lcerh3kp-dc5eee36ef66e033b2def4369904ab30\">\n#top .av-special-heading.av-lcerh3kp-dc5eee36ef66e033b2def4369904ab30{\npadding-bottom:10px;\n}\nbody .av-special-heading.av-lcerh3kp-dc5eee36ef66e033b2def4369904ab30 .av-special-heading-tag .heading-char{\nfont-size:25px;\n}\n.av-special-heading.av-lcerh3kp-dc5eee36ef66e033b2def4369904ab30 .av-subheading{\nfont-size:15px;\n}\n<\/style>\n<div  class='av-special-heading av-lcerh3kp-dc5eee36ef66e033b2def4369904ab30 av-special-heading-h1'><h1 class='av-special-heading-tag'  itemprop=\"headline\"  >Aviso legal y pol\u00edtica de privacidad:<\/h1><div class=\"special-heading-border\"><div class=\"special-heading-inner-border\"><\/div><\/div><\/div>\n\n<style type=\"text\/css\" data-created_by=\"avia_inline_auto\" id=\"style-css-av-lcergkp8-901d466a72cb1019d299055861fdeb93\">\n#top .hr.hr-invisible.av-lcergkp8-901d466a72cb1019d299055861fdeb93{\nheight:40px;\n}\n<\/style>\n<div  class='hr av-lcergkp8-901d466a72cb1019d299055861fdeb93 hr-invisible'><span class='hr-inner '><span class=\"hr-inner-style\"><\/span><\/span><\/div>\n<section  class='av_textblock_section av-lcem1a5c-dceaf32a0b8fd87e4f861e7c32074567'  itemscope=\"itemscope\" itemtype=\"https:\/\/schema.org\/CreativeWork\" ><div class='avia_textblock'  itemprop=\"text\" ><p align=\"JUSTIFY\">La p\u00e1gina Web \u201c<b>www.canbosch.com<\/b>\u201d es titularidad de JOSMAR 90 S.L. y cumple con los requisitos derivados de la Ley 34\/2002, de 11 de julio, de Servicios de la Sociedad de la Informaci\u00f3n y de Comercio Electr\u00f3nico, del Real Decreto-ley 13\/2012, de 30 de marzo, as\u00ed como de las obligaci\u00f3n de Informaci\u00f3n al usuario contemplada en la Ley Org\u00e1nica 15\/1999, de 13 de diciembre, de Protecci\u00f3n de Datos de Car\u00e1cter Personal.<\/p>\n<p align=\"JUSTIFY\">Raz\u00f3n Social: <b>JOSMAR 90, S.L.<\/b><\/p>\n<p align=\"JUSTIFY\">Domicilio social: <b> Rambla Jaume I, 19 \u2013 43850 CAMBRILS (Tarragona)<\/b><\/p>\n<p align=\"JUSTIFY\">C.I.F N\u00ba: <b> B43266253<\/b><\/p>\n<p align=\"JUSTIFY\">Datos registrales: <b>Inscrita en Registro Mercantil de Tarragona, al tomo 721, folio 214, hoja n\u00famero T-1171.<\/b><\/p>\n<p>Tel\u00e9fono: <b>977 36 00 19<\/b><br \/>\nCorreo electr\u00f3nico: <a href=\"mailto:restaurant@canbosch.com\" target=\"_blank\" rel=\"noopener\"><b>restaurant@canbosch.com<\/b><\/a><\/p>\n<p><b>POL\u00cdTICA DE PRIVACIDAD:<\/b><\/p>\n<p align=\"JUSTIFY\">De acuerdo con la normativa vigente en materia de protecci\u00f3n de datos as\u00ed como en materia de servicios de la sociedad de la informaci\u00f3n y de comercio electr\u00f3nico, el usuario acepta que los datos personales aportados en la Web, o cualquier otro facilitado a <b>JOSMAR 90 S.L. (RESTAURANT CAN BOSCH) <\/b>para su acceso a algunos de los servicios sean incorporados a ficheros titularidad de <b>JOSMAR 90 S.L..<\/b>, con la finalidad de facilitar la prestaci\u00f3n de los servicios solicitados, para la correcta identificaci\u00f3n de los usuarios que solicitan servicios personalizados en la Web, para la gesti\u00f3n de tareas b\u00e1sicas de administraci\u00f3n, as\u00ed como para mantenerle informado, bien por correo electr\u00f3nico bien por cualquier otro medio, de novedades, productos y servicios relacionados con <b>RESTAURANT CAN BOSCH<\/b>. En el caso de comunicaciones comerciales a trav\u00e9s de correo electr\u00f3nico o medio equivalente, el usuario presta su consentimiento expreso para el env\u00edo de publicidad a trav\u00e9s de dicho medio.<\/p>\n<p align=\"JUSTIFY\"><b>RESTAURANT CAN BOSCH<\/b> se compromete al cumplimiento de su obligaci\u00f3n de secreto de los datos de car\u00e1cter personal y de su deber de tratarlos con confidencialidad, y asume, a estos efectos, las medidas de \u00edndole t\u00e9cnica, organizativa y de seguridad necesarias para evitar su alteraci\u00f3n, p\u00e9rdida, tratamiento o acceso no autorizado, de acuerdo con lo establecido en la Ley Org\u00e1nica 15\/1999 de 13 de diciembre, de Protecci\u00f3n de Datos de Car\u00e1cter Personal, y dem\u00e1s legislaci\u00f3n aplicable. El usuario responder\u00e1, en cualquier caso, de la veracidad de los datos facilitados, reserv\u00e1ndose <b>RESTAURANT CAN BOSCH<\/b> el derecho a excluir de los servicios registrados a todo usuario que haya facilitado datos falsos, sin perjuicio de las dem\u00e1s acciones que procedan en Derecho.<\/p>\n<p>Cualquier usuario puede en cualquier momento ejercitar sus derechos de acceso, rectificaci\u00f3n, cancelaci\u00f3n y oposici\u00f3n, mediante un escrito, acreditando su identidad, mediante fotocopia del DNI, y especificando el derecho a ejercitar, <b>Raz\u00f3n Social:<\/b> <b>JOSMAR 90, S.L., Rambla Jaume I, 19 \u2013 43850 CAMBRILS (Tarragona) o<\/b> <a href=\"mailto:restaurant@canbosch.com\" target=\"_blank\" rel=\"noopener\"><b>restaurant@canbosch.com<\/b><\/a><\/p>\n<p align=\"JUSTIFY\">Los usuarios aceptan expresamente y de forma libre e inequ\u00edvoca que sus datos personales sean tratados por parte de justimplant.cat para realizar las siguientes finalidades:<\/p>\n<p align=\"JUSTIFY\">Remisi\u00f3n de comunicaciones comerciales publicitarias por e-mail, fax, SMS, MMS, comunidades sociales o cualesquier otro medio electr\u00f3nico o f\u00edsico, presente o futuro, que posibilite realizar comunicaciones comerciales. Dichas comunicaciones comerciales ser\u00e1n relacionadas sobre productos o servicios ofrecidos por justimplant.cat, as\u00ed como por parte de los colaboradores con los que \u00e9ste hubiera alcanzado alg\u00fan acuerdo de promoci\u00f3n comercial entre sus clientes. En este caso, los terceros nunca tendr\u00e1n acceso a los datos personales. En todo caso las comunicaciones comerciales ser\u00e1n realizadas por parte del prestador y ser\u00e1n de productos y servicios relacionados con el sector del prestador.<\/p>\n<p align=\"JUSTIFY\">Realizar estudios estad\u00edsticos.<\/p>\n<p align=\"JUSTIFY\">Tramitar encargos, solicitudes o cualquier tipo de petici\u00f3n que sea realizada por el usuario a trav\u00e9s de cualquiera de las formas de contacto que se ponen a disposici\u00f3n del usuario en este sitio web.<\/p>\n<p align=\"JUSTIFY\">Recibir el newsletter de la p\u00e1gina web.<\/p>\n<p align=\"JUSTIFY\"><b>RESTAURANT CAN BOSCH <\/b>informa y garantiza expresamente a los usuarios que nunca vender\u00e1, arrendar\u00e1, compartir\u00e1 o de alguna otra manera distribuir\u00e1 o pondr\u00e1 sus datos a disposici\u00f3n de terceras personas y que siempre que fuera a realizarse alg\u00fan tipo de cesi\u00f3n de datos personales, de forma previa, se solicitar\u00eda el consentimiento expreso, informado, e inequ\u00edvoco por parte de los titulares.<\/p>\n<p align=\"JUSTIFY\">\n<p align=\"JUSTIFY\"><b>Propiedad intelectual e industrial sobre los contenidos de la p\u00e1gina <\/b><\/p>\n<p align=\"JUSTIFY\">Todos los elementos que forman el sitio web, as\u00ed como la estructura, dise\u00f1o y c\u00f3digo fuente de la misma, son titularidad del autor citado y est\u00e1n protegidos por la normativa de propiedad intelectual e industrial. Las fotograf\u00eda alojadas en esta web corresponden en su total propiedad a los autores citados junto a ellas.<\/p>\n<p align=\"JUSTIFY\">No se podr\u00e1n realizar actos de reproducci\u00f3n, modificaci\u00f3n, distribuci\u00f3n o comunicaci\u00f3n p\u00fablica del sitio web o alguno de sus elementos sin el previo consentimiento de esta web.<\/p>\n<p align=\"JUSTIFY\">Los usuarios del sitio web \u00fanicamente podr\u00e1n realizar un uso privado y personal de los contenidos de \u00e9ste.<\/p>\n<p align=\"JUSTIFY\">Est\u00e1 absolutamente prohibido, el uso del sitio web o de alguno de sus elementos con fines comerciales o il\u00edcitos.<\/p>\n<p align=\"JUSTIFY\">Esta web no asumir\u00e1 ninguna responsabilidad derivada del uso por terceros del contenido del sitio web y podr\u00e1 ejercitar todas las acciones civiles o penales que le correspondan en caso de infracci\u00f3n de estos derechos por parte del usuario.<\/p>\n<p align=\"JUSTIFY\"><b>Modificaciones.<\/b><\/p>\n<p align=\"JUSTIFY\">Con el fin de mejorar las prestaciones del sitio web, se reserva el derecho, en cualquier momento y sin previa notificaci\u00f3n al usuario, a modificar ampliar o suspender temporalmente la presentaci\u00f3n, configuraci\u00f3n, especificaciones t\u00e9cnicas y servicios del sitio web, de forma unilateral.<\/p>\n<p align=\"JUSTIFY\">Asimismo se reserva el derecho de modificar en cualquier momento las presentes condiciones de uso as\u00ed como cualesquiera otras condiciones particulares.<\/p>\n<p align=\"JUSTIFY\"><b>Exclusi\u00f3n de responsabilidad.<\/b><\/p>\n<p align=\"JUSTIFY\">Esta web no se responsabiliza de los eventuales errores tipogr\u00e1ficos, formales o num\u00e9ricos que pueda contener el sitio web, ni de la exactitud de la informaci\u00f3n contenida en \u00e9l, as\u00ed como tampoco lo hace de opiniones identificadas o an\u00f3nimas vertidas por personas y\/o entidades en este website. En caso de alquiler, arrendamiento parcial y\/o total y venta de dicha web excluimos todo tipo de responsabilidad del contenido y veracidad en ella insertado, siendo la responsabilidad total y absoluta por parte del comprador\/arrendatario.<\/p>\n<p><b>Hiperenlaces.<\/b><\/p>\n<p align=\"JUSTIFY\">Por los hiperenlaces contenidos en el sitio web que pueden dirigir a p\u00e1ginas web de terceros, no se asume ninguna responsabilidad por el contenido, informaciones o servicios que pudieran aparecer en dichos sitios, que tendr\u00e1n exclusivamente car\u00e1cter informativo y que en ning\u00fan caso implican relaci\u00f3n alguna entre esta web y a las personas o entidades titulares de tales contenidos o titulares de los sitios donde se encuentren.<\/p>\n<\/div><\/section>\n","protected":false},"excerpt":{"rendered":"","protected":false},"author":1,"featured_media":0,"parent":0,"menu_order":0,"comment_status":"closed","ping_status":"closed","template":"","meta":{"footnotes":""},"class_list":["post-6403","page","type-page","status-publish","hentry"],"_links":{"self":[{"href":"https:\/\/canbosch.com\/es\/wp-json\/wp\/v2\/pages\/6403","targetHints":{"allow":["GET"]}}],"collection":[{"href":"https:\/\/canbosch.com\/es\/wp-json\/wp\/v2\/pages"}],"about":[{"href":"https:\/\/canbosch.com\/es\/wp-json\/wp\/v2\/types\/page"}],"author":[{"embeddable":true,"href":"https:\/\/canbosch.com\/es\/wp-json\/wp\/v2\/users\/1"}],"replies":[{"embeddable":true,"href":"https:\/\/canbosch.com\/es\/wp-json\/wp\/v2\/comments?post=6403"}],"version-history":[{"count":3,"href":"https:\/\/canbosch.com\/es\/wp-json\/wp\/v2\/pages\/6403\/revisions"}],"predecessor-version":[{"id":7047,"href":"https:\/\/canbosch.com\/es\/wp-json\/wp\/v2\/pages\/6403\/revisions\/7047"}],"wp:attachment":[{"href":"https:\/\/canbosch.com\/es\/wp-json\/wp\/v2\/media?parent=6403"}],"curies":[{"name":"wp","href":"https:\/\/api.w.org\/{rel}","templated":true}]}}