{"id":6313,"date":"2022-01-20T14:51:09","date_gmt":"2022-01-20T14:51:09","guid":{"rendered":"https:\/\/canbosch.macredi20.com\/galeria-bodega\/"},"modified":"2022-12-29T10:00:47","modified_gmt":"2022-12-29T10:00:47","slug":"galeria-bodega","status":"publish","type":"page","link":"https:\/\/canbosch.com\/es\/galeria-bodega\/","title":{"rendered":"Galeria Bodega"},"content":{"rendered":"<div id='full_slider_1'  class='avia-fullwidth-slider main_color avia-shadow   avia-builder-el-0  el_before_av_submenu  avia-builder-el-first   container_wrap sidebar_right'  ><div   data-size='featured_large'  data-lightbox_size='large'  data-animation='slide'  data-conditional_play=''  data-ids='5977'  data-video_counter='0'  data-autoplay='false'  data-bg_slider='false'  data-slide_height=''  data-handle='av_slideshow_full'  data-interval='5'  data-class=' '  data-el_id=''  data-css_id=''  data-scroll_down=''  data-control_layout='av-control-default'  data-custom_markup=''  data-perma_caption=''  data-autoplay_stopper=''  data-image_attachment=''  data-min_height='0px'  data-lazy_loading='disabled'  data-src=''  data-position='top left'  data-repeat='no-repeat'  data-attach='scroll'  data-stretch=''  data-img_scrset=''  data-default-height='42'  class='avia-slideshow avia-slideshow-1  av-control-default av-default-height-applied avia-slideshow-featured_large av_slideshow_full   avia-slide-slider '  itemprop=\"image\" itemscope=\"itemscope\" itemtype=\"https:\/\/schema.org\/ImageObject\" ><ul class='avia-slideshow-inner ' style='padding-bottom: 42%;' ><li  class=' av-single-slide slide-1 ' ><div data-rel='slideshow-1' class='avia-slide-wrap '   ><div class = \"caption_fullwidth av-slideshow-caption caption_left\"><div class = \"container caption_container\"><div class = \"slideshow_caption\"><div class = \"slideshow_inner_caption\"><div class = \"slideshow_align_caption\"><h2  style='font-size:80px; color:#cc9c73; ' class='avia-caption-title  '  itemprop=\"name\" >GALERIA DE NUESTRA BODEGA<\/h2><div class='avia-caption-content  av_inherit_color'  itemprop=\"description\"   style='font-size:30px; color:#ffffff; '><p>CON M\u00c1S DE 1200 REFERENCIAS<\/p>\n<\/div><\/div><\/div><\/div><\/div><\/div><img decoding=\"async\" class=\"wp-image-6198 avia-img-lazy-loading-not-6198\"  src=\"https:\/\/canbosch.com\/wp-content\/uploads\/2022\/01\/galeria-bodega-header-1500x630.jpg\" width=\"1500\" height=\"630\" title='galeria-bodega-header' alt=''  itemprop=\"thumbnailUrl\" srcset=\"https:\/\/canbosch.com\/wp-content\/uploads\/2022\/01\/galeria-bodega-header-1500x630.jpg 1500w, https:\/\/canbosch.com\/wp-content\/uploads\/2022\/01\/galeria-bodega-header-300x125.jpg 300w\" sizes=\"(max-width: 1500px) 100vw, 1500px\" \/><\/div><\/li><\/ul><\/div><\/div>\n<div class='clear'><\/div><div id='sub_menu1'  class='av-submenu-container av-kylrax1m-ef1acb9e1e44fdab00ba34665573cb2e main_color  avia-builder-el-1  el_after_av_slideshow_full  el_before_av_section  menupropostesgastro av-sticky-submenu submenu-not-first container_wrap sidebar_right' style='z-index:301' ><div class='container av-menu-mobile-disabled av-submenu-pos-center'><ul id='av-custom-submenu-1' class='av-subnav-menu'>\n<li class='menu-item av-kylra60k-51649f5c3ddbe83047721afbf953a3c5 menu-item-top-level menu-item-top-level-1'><a href='https:\/\/canbosch.com\/es\/galeria-momentos\/' ><span class='avia-bullet'><\/span><span class='avia-menu-text'>GALERIA MOMENTOS<\/span><\/a><\/li>\n<li class='menu-item av-kylr9xl2-05629fd08762a0ee9f28656b95e77f6c menu-item-top-level menu-item-top-level-2'><a href='https:\/\/canbosch.com\/es\/galeria-platos\/' ><span class='avia-bullet'><\/span><span class='avia-menu-text'>GALERIA PLATOS<\/span><\/a><\/li>\n<li class='menu-item av-kylral5j-467750bb8eeb1f5c06ff620090928fe6 menu-item-top-level menu-item-top-level-3'><a href='https:\/\/canbosch.com\/es\/galeria-bodega\/' ><span class='avia-bullet'><\/span><span class='avia-menu-text'>GALERIA BODEGA<\/span><\/a><\/li>\n<\/ul><\/div><\/div><div class='sticky_placeholder'><\/div>\n\n<style type=\"text\/css\" data-created_by=\"avia_inline_auto\" id=\"style-css-av-kyn3u80f-318303a0668a9f049984057281f027b5\">\n.avia-section.av-kyn3u80f-318303a0668a9f049984057281f027b5{\nbackground-color:#f9f9f9;\n}\n<\/style>\n<div id='av_section_1'  class='avia-section av-kyn3u80f-318303a0668a9f049984057281f027b5 main_color avia-section-default avia-no-border-styling  avia-builder-el-2  el_after_av_submenu  el_before_av_section  avia-bg-style-scroll container_wrap sidebar_right'  ><div class='container av-section-cont-open' ><div class='template-page content  av-content-small alpha units'><div class='post-entry post-entry-type-page post-entry-6313'><div class='entry-content-wrapper clearfix'>\n<section  class='av_textblock_section av-kyn3vc73-182cc72d92a80a739cc8d5bee0ae132b'  itemscope=\"itemscope\" itemtype=\"https:\/\/schema.org\/CreativeWork\" ><div class='avia_textblock'  itemprop=\"text\" ><h2><em>Una bodega con m\u00e1s de 1200 referencias, entre las mejores del pa\u00eds, para acompa\u00f1ar y disfrutar la variedad de sabores de nuestros platos.<\/em><\/h2>\n<p>Can Bosch le ofrece una amplia carta de vinos con una cuidada selecci\u00f3n de las D.O. del pa\u00eds y de alguna de las zonas vin\u00edcolas de todo el mundo, as\u00ed como de las diferentes variedades de uva y sus combinaciones. La bodega de Can Bosch cuenta con una oferta equilibrada de las a\u00f1adas j\u00f3venes y caldos para todos los paladares.<\/p>\n<p>Ofrecemos una selecci\u00f3n de cervezas creadas para combinar con multitud de elaboraciones culinarias, como AK Damm o Inedit Damm, espl\u00e9ndidas con entrantes, ensaladas y pescados de textura grasa, su versatilidad permite tambi\u00e9n combinarlas con sabores agridulces y sensaciones picantes.<\/p>\n<\/div><\/section>\n\n<\/div><\/div><\/div><!-- close content main div --><\/div><\/div><div id='av_section_2'  class='avia-section av-24rz01-c5a08de11d2e65ba5d62aba8a2e9043d main_color avia-section-default avia-no-border-styling  avia-builder-el-4  el_after_av_section  avia-builder-el-last  avia-bg-style-scroll container_wrap sidebar_right'  ><div class='container av-section-cont-open' ><div class='template-page content  av-content-small alpha units'><div class='post-entry post-entry-type-page post-entry-6313'><div class='entry-content-wrapper clearfix'>\n<div id='av-masonry-1' class='av-masonry av-kyn2hwy8-fcc4416a054683d177508dec010124f7 noHover av-fixed-size av-large-gap av-hover-overlay-fade_out av-masonry-animation-active av-masonry-col-flexible av-caption-always av-caption-style- av-masonry-gallery av-orientation-square '><div class=\"av-masonry-container isotope av-js-disabled\"><div class='av-masonry-entry isotope-item av-masonry-item-no-image '><\/div><a href=\"https:\/\/canbosch.com\/wp-content\/uploads\/2022\/01\/DSC_8822-1030x688.jpg\" data-srcset=\"https:\/\/canbosch.com\/wp-content\/uploads\/2022\/01\/DSC_8822-1030x688.jpg 1030w, https:\/\/canbosch.com\/wp-content\/uploads\/2022\/01\/DSC_8822-300x200.jpg 300w, https:\/\/canbosch.com\/wp-content\/uploads\/2022\/01\/DSC_8822-768x513.jpg 768w, https:\/\/canbosch.com\/wp-content\/uploads\/2022\/01\/DSC_8822-705x471.jpg 705w, https:\/\/canbosch.com\/wp-content\/uploads\/2022\/01\/DSC_8822.jpg 1400w\" data-sizes=\"(max-width: 1030px) 100vw, 1030px\"  aria-label=\"image DSC_8822\"  id='av-masonry-1-item-6191' data-av-masonry-item='6191' class='av-masonry-entry isotope-item post-6191 attachment type-attachment status-inherit hentry  av-masonry-item-with-image' title=\"DSC_8822\" alt=\"\"   itemprop=\"thumbnailUrl\" ><div class='av-inner-masonry-sizer'><\/div><figure class='av-inner-masonry main_color'><div class=\"av-masonry-outerimage-container\"><div class='av-masonry-image-container' style=\"background-image: url(https:\/\/canbosch.com\/wp-content\/uploads\/2022\/01\/DSC_8822-705x471.jpg);\"  title=\"DSC_8822\"  ><\/div><\/div><\/figure><\/a><!--end av-masonry entry--><a href=\"https:\/\/canbosch.com\/wp-content\/uploads\/2022\/01\/DSC_8836-1030x686.jpg\" data-srcset=\"https:\/\/canbosch.com\/wp-content\/uploads\/2022\/01\/DSC_8836-1030x686.jpg 1030w, https:\/\/canbosch.com\/wp-content\/uploads\/2022\/01\/DSC_8836-300x200.jpg 300w, https:\/\/canbosch.com\/wp-content\/uploads\/2022\/01\/DSC_8836-768x512.jpg 768w, https:\/\/canbosch.com\/wp-content\/uploads\/2022\/01\/DSC_8836-705x470.jpg 705w, https:\/\/canbosch.com\/wp-content\/uploads\/2022\/01\/DSC_8836.jpg 1400w\" data-sizes=\"(max-width: 1030px) 100vw, 1030px\"  aria-label=\"image DSC_8836\"  id='av-masonry-1-item-6192' data-av-masonry-item='6192' class='av-masonry-entry isotope-item post-6192 attachment type-attachment status-inherit hentry  av-masonry-item-with-image' title=\"DSC_8836\" alt=\"\"   itemprop=\"thumbnailUrl\" ><div class='av-inner-masonry-sizer'><\/div><figure class='av-inner-masonry main_color'><div class=\"av-masonry-outerimage-container\"><div class='av-masonry-image-container' style=\"background-image: url(https:\/\/canbosch.com\/wp-content\/uploads\/2022\/01\/DSC_8836-705x470.jpg);\"  title=\"DSC_8836\"  ><\/div><\/div><\/figure><\/a><!--end av-masonry entry--><a href=\"https:\/\/canbosch.com\/wp-content\/uploads\/2022\/01\/DSC_8854-1030x686.jpg\" data-srcset=\"https:\/\/canbosch.com\/wp-content\/uploads\/2022\/01\/DSC_8854-1030x686.jpg 1030w, https:\/\/canbosch.com\/wp-content\/uploads\/2022\/01\/DSC_8854-300x200.jpg 300w, https:\/\/canbosch.com\/wp-content\/uploads\/2022\/01\/DSC_8854-768x512.jpg 768w, https:\/\/canbosch.com\/wp-content\/uploads\/2022\/01\/DSC_8854-705x470.jpg 705w, https:\/\/canbosch.com\/wp-content\/uploads\/2022\/01\/DSC_8854.jpg 1400w\" data-sizes=\"(max-width: 1030px) 100vw, 1030px\"  aria-label=\"image DSC_8854\"  id='av-masonry-1-item-6195' data-av-masonry-item='6195' class='av-masonry-entry isotope-item post-6195 attachment type-attachment status-inherit hentry  av-masonry-item-with-image' title=\"DSC_8854\" alt=\"\"   itemprop=\"thumbnailUrl\" ><div class='av-inner-masonry-sizer'><\/div><figure class='av-inner-masonry main_color'><div class=\"av-masonry-outerimage-container\"><div class='av-masonry-image-container' style=\"background-image: url(https:\/\/canbosch.com\/wp-content\/uploads\/2022\/01\/DSC_8854-705x470.jpg);\"  title=\"DSC_8854\"  ><\/div><\/div><\/figure><\/a><!--end av-masonry entry--><a href=\"https:\/\/canbosch.com\/wp-content\/uploads\/2022\/01\/DSC_8856-1030x688.jpg\" data-srcset=\"https:\/\/canbosch.com\/wp-content\/uploads\/2022\/01\/DSC_8856-1030x688.jpg 1030w, https:\/\/canbosch.com\/wp-content\/uploads\/2022\/01\/DSC_8856-300x200.jpg 300w, https:\/\/canbosch.com\/wp-content\/uploads\/2022\/01\/DSC_8856-768x513.jpg 768w, https:\/\/canbosch.com\/wp-content\/uploads\/2022\/01\/DSC_8856-705x471.jpg 705w, https:\/\/canbosch.com\/wp-content\/uploads\/2022\/01\/DSC_8856.jpg 1400w\" data-sizes=\"(max-width: 1030px) 100vw, 1030px\"  aria-label=\"image DSC_8856\"  id='av-masonry-1-item-6196' data-av-masonry-item='6196' class='av-masonry-entry isotope-item post-6196 attachment type-attachment status-inherit hentry  av-masonry-item-with-image' title=\"DSC_8856\" alt=\"\"   itemprop=\"thumbnailUrl\" ><div class='av-inner-masonry-sizer'><\/div><figure class='av-inner-masonry main_color'><div class=\"av-masonry-outerimage-container\"><div class='av-masonry-image-container' style=\"background-image: url(https:\/\/canbosch.com\/wp-content\/uploads\/2022\/01\/DSC_8856-705x471.jpg);\"  title=\"DSC_8856\"  ><\/div><\/div><\/figure><\/a><!--end av-masonry entry--><a href=\"https:\/\/canbosch.com\/wp-content\/uploads\/2022\/01\/1-bodega_.jpg\" data-srcset=\"https:\/\/canbosch.com\/wp-content\/uploads\/2022\/01\/1-bodega_.jpg 564w, https:\/\/canbosch.com\/wp-content\/uploads\/2022\/01\/1-bodega_-171x300.jpg 171w, https:\/\/canbosch.com\/wp-content\/uploads\/2022\/01\/1-bodega_-401x705.jpg 401w\" data-sizes=\"(max-width: 564px) 100vw, 564px\"  aria-label=\"image 1-bodega_\"  id='av-masonry-1-item-6188' data-av-masonry-item='6188' class='av-masonry-entry isotope-item post-6188 attachment type-attachment status-inherit hentry  av-masonry-item-with-image' title=\"1-bodega_\" alt=\"\"   itemprop=\"thumbnailUrl\" ><div class='av-inner-masonry-sizer'><\/div><figure class='av-inner-masonry main_color'><div class=\"av-masonry-outerimage-container\"><div class='av-masonry-image-container' style=\"background-image: url(https:\/\/canbosch.com\/wp-content\/uploads\/2022\/01\/1-bodega_-401x705.jpg);\"  title=\"1-bodega_\"  ><\/div><\/div><\/figure><\/a><!--end av-masonry entry--><a href=\"https:\/\/canbosch.com\/wp-content\/uploads\/2022\/12\/IMG_1271-1030x687.jpg\" data-srcset=\"https:\/\/canbosch.com\/wp-content\/uploads\/2022\/12\/IMG_1271-1030x687.jpg 1030w, https:\/\/canbosch.com\/wp-content\/uploads\/2022\/12\/IMG_1271-300x200.jpg 300w, https:\/\/canbosch.com\/wp-content\/uploads\/2022\/12\/IMG_1271-768x512.jpg 768w, https:\/\/canbosch.com\/wp-content\/uploads\/2022\/12\/IMG_1271-705x470.jpg 705w, https:\/\/canbosch.com\/wp-content\/uploads\/2022\/12\/IMG_1271.jpg 1200w\" data-sizes=\"(max-width: 1030px) 100vw, 1030px\"  aria-label=\"image IMG_1271\"  id='av-masonry-1-item-6337' data-av-masonry-item='6337' class='av-masonry-entry isotope-item post-6337 attachment type-attachment status-inherit hentry  av-masonry-item-with-image' title=\"IMG_1271\" alt=\"\"   itemprop=\"thumbnailUrl\" ><div class='av-inner-masonry-sizer'><\/div><figure class='av-inner-masonry main_color'><div class=\"av-masonry-outerimage-container\"><div class='av-masonry-image-container' style=\"background-image: url(https:\/\/canbosch.com\/wp-content\/uploads\/2022\/12\/IMG_1271-705x470.jpg);\"  title=\"IMG_1271\"  ><\/div><\/div><\/figure><\/a><!--end av-masonry entry--><a href=\"https:\/\/canbosch.com\/wp-content\/uploads\/2022\/12\/IMG_1269-1030x687.jpg\" data-srcset=\"https:\/\/canbosch.com\/wp-content\/uploads\/2022\/12\/IMG_1269-1030x687.jpg 1030w, https:\/\/canbosch.com\/wp-content\/uploads\/2022\/12\/IMG_1269-300x200.jpg 300w, https:\/\/canbosch.com\/wp-content\/uploads\/2022\/12\/IMG_1269-768x512.jpg 768w, https:\/\/canbosch.com\/wp-content\/uploads\/2022\/12\/IMG_1269-705x470.jpg 705w, https:\/\/canbosch.com\/wp-content\/uploads\/2022\/12\/IMG_1269.jpg 1200w\" data-sizes=\"(max-width: 1030px) 100vw, 1030px\"  aria-label=\"image IMG_1269\"  id='av-masonry-1-item-6335' data-av-masonry-item='6335' class='av-masonry-entry isotope-item post-6335 attachment type-attachment status-inherit hentry  av-masonry-item-with-image' title=\"IMG_1269\" alt=\"\"   itemprop=\"thumbnailUrl\" ><div class='av-inner-masonry-sizer'><\/div><figure class='av-inner-masonry main_color'><div class=\"av-masonry-outerimage-container\"><div class='av-masonry-image-container' style=\"background-image: url(https:\/\/canbosch.com\/wp-content\/uploads\/2022\/12\/IMG_1269-705x470.jpg);\"  title=\"IMG_1269\"  ><\/div><\/div><\/figure><\/a><!--end av-masonry entry--><a href=\"https:\/\/canbosch.com\/wp-content\/uploads\/2022\/01\/DSC_8848-1030x688.jpg\" data-srcset=\"https:\/\/canbosch.com\/wp-content\/uploads\/2022\/01\/DSC_8848-1030x688.jpg 1030w, https:\/\/canbosch.com\/wp-content\/uploads\/2022\/01\/DSC_8848-300x200.jpg 300w, https:\/\/canbosch.com\/wp-content\/uploads\/2022\/01\/DSC_8848-768x513.jpg 768w, https:\/\/canbosch.com\/wp-content\/uploads\/2022\/01\/DSC_8848-705x471.jpg 705w, https:\/\/canbosch.com\/wp-content\/uploads\/2022\/01\/DSC_8848.jpg 1400w\" data-sizes=\"(max-width: 1030px) 100vw, 1030px\"  aria-label=\"image DSC_8848\"  id='av-masonry-1-item-6193' data-av-masonry-item='6193' class='av-masonry-entry isotope-item post-6193 attachment type-attachment status-inherit hentry  av-masonry-item-with-image' title=\"DSC_8848\" alt=\"\"   itemprop=\"thumbnailUrl\" ><div class='av-inner-masonry-sizer'><\/div><figure class='av-inner-masonry main_color'><div class=\"av-masonry-outerimage-container\"><div class='av-masonry-image-container' style=\"background-image: url(https:\/\/canbosch.com\/wp-content\/uploads\/2022\/01\/DSC_8848-705x471.jpg);\"  title=\"DSC_8848\"  ><\/div><\/div><\/figure><\/a><!--end av-masonry entry--><a href=\"https:\/\/canbosch.com\/wp-content\/uploads\/2022\/01\/DSC_8853-1030x688.jpg\" data-srcset=\"https:\/\/canbosch.com\/wp-content\/uploads\/2022\/01\/DSC_8853-1030x688.jpg 1030w, https:\/\/canbosch.com\/wp-content\/uploads\/2022\/01\/DSC_8853-300x200.jpg 300w, https:\/\/canbosch.com\/wp-content\/uploads\/2022\/01\/DSC_8853-768x513.jpg 768w, https:\/\/canbosch.com\/wp-content\/uploads\/2022\/01\/DSC_8853-705x471.jpg 705w, https:\/\/canbosch.com\/wp-content\/uploads\/2022\/01\/DSC_8853.jpg 1400w\" data-sizes=\"(max-width: 1030px) 100vw, 1030px\"  aria-label=\"image DSC_8853\"  id='av-masonry-1-item-6194' data-av-masonry-item='6194' class='av-masonry-entry isotope-item post-6194 attachment type-attachment status-inherit hentry  av-masonry-item-with-image' title=\"DSC_8853\" alt=\"\"   itemprop=\"thumbnailUrl\" ><div class='av-inner-masonry-sizer'><\/div><figure class='av-inner-masonry main_color'><div class=\"av-masonry-outerimage-container\"><div class='av-masonry-image-container' style=\"background-image: url(https:\/\/canbosch.com\/wp-content\/uploads\/2022\/01\/DSC_8853-705x471.jpg);\"  title=\"DSC_8853\"  ><\/div><\/div><\/figure><\/a><!--end av-masonry entry--><a href=\"https:\/\/canbosch.com\/wp-content\/uploads\/2022\/01\/DSC_8876-1030x688.jpg\" data-srcset=\"https:\/\/canbosch.com\/wp-content\/uploads\/2022\/01\/DSC_8876-1030x688.jpg 1030w, https:\/\/canbosch.com\/wp-content\/uploads\/2022\/01\/DSC_8876-300x200.jpg 300w, https:\/\/canbosch.com\/wp-content\/uploads\/2022\/01\/DSC_8876-768x513.jpg 768w, https:\/\/canbosch.com\/wp-content\/uploads\/2022\/01\/DSC_8876-705x471.jpg 705w, https:\/\/canbosch.com\/wp-content\/uploads\/2022\/01\/DSC_8876.jpg 1400w\" data-sizes=\"(max-width: 1030px) 100vw, 1030px\"  aria-label=\"image DSC_8876\"  id='av-masonry-1-item-6197' data-av-masonry-item='6197' class='av-masonry-entry isotope-item post-6197 attachment type-attachment status-inherit hentry  av-masonry-item-with-image' title=\"DSC_8876\" alt=\"\"   itemprop=\"thumbnailUrl\" ><div class='av-inner-masonry-sizer'><\/div><figure class='av-inner-masonry main_color'><div class=\"av-masonry-outerimage-container\"><div class='av-masonry-image-container' style=\"background-image: url(https:\/\/canbosch.com\/wp-content\/uploads\/2022\/01\/DSC_8876-705x471.jpg);\"  title=\"DSC_8876\"  ><\/div><\/div><\/figure><\/a><!--end av-masonry entry--><a href=\"https:\/\/canbosch.com\/wp-content\/uploads\/2022\/01\/2-vi_.jpg\" data-srcset=\"https:\/\/canbosch.com\/wp-content\/uploads\/2022\/01\/2-vi_.jpg 742w, https:\/\/canbosch.com\/wp-content\/uploads\/2022\/01\/2-vi_-300x270.jpg 300w, https:\/\/canbosch.com\/wp-content\/uploads\/2022\/01\/2-vi_-705x636.jpg 705w\" data-sizes=\"(max-width: 742px) 100vw, 742px\"  aria-label=\"image 2-vi_\"  id='av-masonry-1-item-6189' data-av-masonry-item='6189' class='av-masonry-entry isotope-item post-6189 attachment type-attachment status-inherit hentry  av-masonry-item-with-image' title=\"2-vi_\" alt=\"\"   itemprop=\"thumbnailUrl\" ><div class='av-inner-masonry-sizer'><\/div><figure class='av-inner-masonry main_color'><div class=\"av-masonry-outerimage-container\"><div class='av-masonry-image-container' style=\"background-image: url(https:\/\/canbosch.com\/wp-content\/uploads\/2022\/01\/2-vi_-705x636.jpg);\"  title=\"2-vi_\"  ><\/div><\/div><\/figure><\/a><!--end av-masonry entry--><a href=\"https:\/\/canbosch.com\/wp-content\/uploads\/2022\/01\/5-inedit_.jpg\" data-srcset=\"https:\/\/canbosch.com\/wp-content\/uploads\/2022\/01\/5-inedit_.jpg 587w, https:\/\/canbosch.com\/wp-content\/uploads\/2022\/01\/5-inedit_-300x257.jpg 300w\" data-sizes=\"(max-width: 587px) 100vw, 587px\"  aria-label=\"image 5-inedit_\"  id='av-masonry-1-item-6190' data-av-masonry-item='6190' class='av-masonry-entry isotope-item post-6190 attachment type-attachment status-inherit hentry  av-masonry-item-with-image' title=\"5-inedit_\" alt=\"\"   itemprop=\"thumbnailUrl\" ><div class='av-inner-masonry-sizer'><\/div><figure class='av-inner-masonry main_color'><div class=\"av-masonry-outerimage-container\"><div class='av-masonry-image-container' style=\"background-image: url(https:\/\/canbosch.com\/wp-content\/uploads\/2022\/01\/5-inedit_.jpg);\"  title=\"5-inedit_\"  ><\/div><\/div><\/figure><\/a><!--end av-masonry entry--><\/div><\/div>\n<\/div><\/div><\/div><!-- close content main div --><\/div><\/div><div id='after_section_2'  class='main_color av_default_container_wrap container_wrap sidebar_right'  ><div class='container av-section-cont-open' ><div class='template-page content  av-content-small alpha units'><div class='post-entry post-entry-type-page post-entry-6313'><div class='entry-content-wrapper clearfix'>\n","protected":false},"excerpt":{"rendered":"","protected":false},"author":1,"featured_media":0,"parent":0,"menu_order":0,"comment_status":"closed","ping_status":"closed","template":"","meta":{"footnotes":""},"class_list":["post-6313","page","type-page","status-publish","hentry"],"_links":{"self":[{"href":"https:\/\/canbosch.com\/es\/wp-json\/wp\/v2\/pages\/6313","targetHints":{"allow":["GET"]}}],"collection":[{"href":"https:\/\/canbosch.com\/es\/wp-json\/wp\/v2\/pages"}],"about":[{"href":"https:\/\/canbosch.com\/es\/wp-json\/wp\/v2\/types\/page"}],"author":[{"embeddable":true,"href":"https:\/\/canbosch.com\/es\/wp-json\/wp\/v2\/users\/1"}],"replies":[{"embeddable":true,"href":"https:\/\/canbosch.com\/es\/wp-json\/wp\/v2\/comments?post=6313"}],"version-history":[{"count":16,"href":"https:\/\/canbosch.com\/es\/wp-json\/wp\/v2\/pages\/6313\/revisions"}],"predecessor-version":[{"id":6360,"href":"https:\/\/canbosch.com\/es\/wp-json\/wp\/v2\/pages\/6313\/revisions\/6360"}],"wp:attachment":[{"href":"https:\/\/canbosch.com\/es\/wp-json\/wp\/v2\/media?parent=6313"}],"curies":[{"name":"wp","href":"https:\/\/api.w.org\/{rel}","templated":true}]}}