{"id":6273,"date":"2022-01-19T14:00:43","date_gmt":"2022-01-19T14:00:43","guid":{"rendered":"https:\/\/canbosch.macredi20.com\/sugerencias\/"},"modified":"2026-04-10T09:15:38","modified_gmt":"2026-04-10T09:15:38","slug":"sugerencias","status":"publish","type":"page","link":"https:\/\/canbosch.com\/es\/sugerencias\/","title":{"rendered":"Sugerencias"},"content":{"rendered":"<div id='full_slider_1'  class='avia-fullwidth-slider main_color avia-shadow   avia-builder-el-0  el_before_av_section  avia-builder-el-first   container_wrap sidebar_right'  ><div   data-size='featured_large'  data-lightbox_size='large'  data-animation='slide'  data-conditional_play=''  data-ids='5789'  data-video_counter='0'  data-autoplay='false'  data-bg_slider='false'  data-slide_height=''  data-handle='av_slideshow_full'  data-interval='5'  data-class=' '  data-el_id=''  data-css_id=''  data-scroll_down=''  data-control_layout='av-control-default'  data-custom_markup=''  data-perma_caption=''  data-autoplay_stopper=''  data-image_attachment=''  data-min_height='0px'  data-lazy_loading='disabled'  data-src=''  data-position='top left'  data-repeat='no-repeat'  data-attach='scroll'  data-stretch=''  data-img_scrset=''  data-default-height='42'  class='avia-slideshow avia-slideshow-1  av-control-default av-default-height-applied avia-slideshow-featured_large av_slideshow_full   avia-slide-slider '  itemprop=\"image\" itemscope=\"itemscope\" itemtype=\"https:\/\/schema.org\/ImageObject\" ><ul class='avia-slideshow-inner ' style='padding-bottom: 42%;' ><li  class=' av-single-slide slide-1 ' ><div data-rel='slideshow-1' class='avia-slide-wrap '   ><div class = \"caption_fullwidth av-slideshow-caption caption_left\"><div class = \"container caption_container\"><div class = \"slideshow_caption\"><div class = \"slideshow_inner_caption\"><div class = \"slideshow_align_caption\"><h2  style='font-size:100px; color:#cc9c73; ' class='avia-caption-title  '  itemprop=\"name\" >NUESTRAS SUGERENCIAS<\/h2><div class='avia-caption-content  av_inherit_color'  itemprop=\"description\"   style='font-size:30px; color:#333333; '><p>A LA CARTA&#8230;<\/p>\n<\/div><\/div><\/div><\/div><\/div><\/div><img decoding=\"async\" class=\"wp-image-6133 avia-img-lazy-loading-not-6133\"  src=\"https:\/\/canbosch.com\/wp-content\/uploads\/2022\/01\/header-sugeriments3-1500x630.jpg\" width=\"1500\" height=\"630\" title='header-sugeriments3' alt=''  itemprop=\"thumbnailUrl\" srcset=\"https:\/\/canbosch.com\/wp-content\/uploads\/2022\/01\/header-sugeriments3-1500x630.jpg 1500w, https:\/\/canbosch.com\/wp-content\/uploads\/2022\/01\/header-sugeriments3-300x125.jpg 300w\" sizes=\"(max-width: 1500px) 100vw, 1500px\" \/><\/div><\/li><\/ul><\/div><\/div>\n<div id='producte'  class='avia-section av-kyk45884-9a6c1714d1e2f05fb3053a1014d31516 main_color avia-section-huge avia-no-border-styling  avia-builder-el-1  el_after_av_slideshow_full  avia-builder-el-last  avia-bg-style-scroll container_wrap sidebar_right'  ><div class='container av-section-cont-open' ><div class='template-page content  av-content-small alpha units'><div class='post-entry post-entry-type-page post-entry-6273'><div class='entry-content-wrapper clearfix'>\n<div class='flex_column av-99ci6q-1fa0a04bb40f39192dad0b76f34ff934 av_one_fifth  avia-builder-el-2  el_before_av_three_fifth  avia-builder-el-first  colummenuicons first flex_column_div '   ><p>\n<style type=\"text\/css\" data-created_by=\"avia_inline_auto\" id=\"style-css-av-kyk7m11k-0e5b9da441d391c3932e9efc1e089dac\">\n.avia-image-container.av-kyk7m11k-0e5b9da441d391c3932e9efc1e089dac .av-image-caption-overlay-center{\ncolor:#ffffff;\n}\n<\/style>\n<div  class='avia-image-container av-kyk7m11k-0e5b9da441d391c3932e9efc1e089dac av-styling- avia-align-center  avia-builder-el-3  el_before_av_hr  avia-builder-el-first '  itemprop=\"image\" itemscope=\"itemscope\" itemtype=\"https:\/\/schema.org\/ImageObject\" ><div class=\"avia-image-container-inner\"><div class=\"avia-image-overlay-wrap\"><img decoding=\"async\" class='wp-image-6106 avia-img-lazy-loading-not-6106 avia_image' src=\"https:\/\/canbosch.com\/wp-content\/uploads\/2022\/01\/carta-fondo3-300x253.jpg\" alt='' title='carta-fondo3'  height=\"253\" width=\"300\"  itemprop=\"thumbnailUrl\" srcset=\"https:\/\/canbosch.com\/wp-content\/uploads\/2022\/01\/carta-fondo3-300x253.jpg 300w, https:\/\/canbosch.com\/wp-content\/uploads\/2022\/01\/carta-fondo3.jpg 456w\" sizes=\"(max-width: 300px) 100vw, 300px\" \/><\/div><\/div><\/div><br \/>\n\n<style type=\"text\/css\" data-created_by=\"avia_inline_auto\" id=\"style-css-av-kyliaik0-5014b83047e6c7534de10fbde73c505f\">\n#top .hr.hr-invisible.av-kyliaik0-5014b83047e6c7534de10fbde73c505f{\nheight:30px;\n}\n<\/style>\n<div  class='hr av-kyliaik0-5014b83047e6c7534de10fbde73c505f hr-invisible  avia-builder-el-4  el_after_av_image  el_before_av_image  av-small-hide av-mini-hide'><span class='hr-inner '><span class=\"hr-inner-style\"><\/span><\/span><\/div><br \/>\n\n<style type=\"text\/css\" data-created_by=\"avia_inline_auto\" id=\"style-css-av-kyk7mcqh-14ea3b3895ba23208ed8eb143da52cd1\">\n.avia-image-container.av-kyk7mcqh-14ea3b3895ba23208ed8eb143da52cd1 .av-image-caption-overlay-center{\ncolor:#ffffff;\n}\n<\/style>\n<div  class='avia-image-container av-kyk7mcqh-14ea3b3895ba23208ed8eb143da52cd1 av-styling- avia-align-center  avia-builder-el-5  el_after_av_hr  el_before_av_hr '  itemprop=\"image\" itemscope=\"itemscope\" itemtype=\"https:\/\/schema.org\/ImageObject\" ><div class=\"avia-image-container-inner\"><div class=\"avia-image-overlay-wrap\"><img decoding=\"async\" class='wp-image-6124 avia-img-lazy-loading-not-6124 avia_image' src=\"https:\/\/canbosch.com\/wp-content\/uploads\/2022\/01\/menu-tradicio-fondo1-300x253.png\" alt='' title='menu-tradicio-fondo1'  height=\"253\" width=\"300\"  itemprop=\"thumbnailUrl\" srcset=\"https:\/\/canbosch.com\/wp-content\/uploads\/2022\/01\/menu-tradicio-fondo1-300x253.png 300w, https:\/\/canbosch.com\/wp-content\/uploads\/2022\/01\/menu-tradicio-fondo1.png 456w\" sizes=\"(max-width: 300px) 100vw, 300px\" \/><\/div><\/div><\/div><br \/>\n\n<style type=\"text\/css\" data-created_by=\"avia_inline_auto\" id=\"style-css-av-444rmx-f2c8000dd80f6c50dc0b81fefacfff17\">\n#top .hr.hr-invisible.av-444rmx-f2c8000dd80f6c50dc0b81fefacfff17{\nheight:30px;\n}\n<\/style>\n<div  class='hr av-444rmx-f2c8000dd80f6c50dc0b81fefacfff17 hr-invisible  avia-builder-el-6  el_after_av_image  el_before_av_image  av-small-hide av-mini-hide'><span class='hr-inner '><span class=\"hr-inner-style\"><\/span><\/span><\/div><br \/>\n\n<style type=\"text\/css\" data-created_by=\"avia_inline_auto\" id=\"style-css-av-kyk7pu6u-1bd85658858f80ecd0f505c8bd35b23e\">\n.avia-image-container.av-kyk7pu6u-1bd85658858f80ecd0f505c8bd35b23e .av-image-caption-overlay-center{\ncolor:#ffffff;\n}\n<\/style>\n<div  class='avia-image-container av-kyk7pu6u-1bd85658858f80ecd0f505c8bd35b23e av-styling- avia-align-center  avia-builder-el-7  el_after_av_hr  el_before_av_hr '  itemprop=\"image\" itemscope=\"itemscope\" itemtype=\"https:\/\/schema.org\/ImageObject\" ><div class=\"avia-image-container-inner\"><div class=\"avia-image-overlay-wrap\"><img decoding=\"async\" class='wp-image-6126 avia-img-lazy-loading-not-6126 avia_image' src=\"https:\/\/canbosch.com\/wp-content\/uploads\/2022\/01\/menu-tradicio-fondo3-300x253.png\" alt='' title='menu-tradicio-fondo3'  height=\"253\" width=\"300\"  itemprop=\"thumbnailUrl\" srcset=\"https:\/\/canbosch.com\/wp-content\/uploads\/2022\/01\/menu-tradicio-fondo3-300x253.png 300w, https:\/\/canbosch.com\/wp-content\/uploads\/2022\/01\/menu-tradicio-fondo3.png 456w\" sizes=\"(max-width: 300px) 100vw, 300px\" \/><\/div><\/div><\/div><br \/>\n\n<style type=\"text\/css\" data-created_by=\"avia_inline_auto\" id=\"style-css-av-2oxx1l-29ce43c6b75d687b376970d2e36a289a\">\n#top .hr.hr-invisible.av-2oxx1l-29ce43c6b75d687b376970d2e36a289a{\nheight:30px;\n}\n<\/style>\n<div  class='hr av-2oxx1l-29ce43c6b75d687b376970d2e36a289a hr-invisible  avia-builder-el-8  el_after_av_image  el_before_av_image  av-small-hide av-mini-hide'><span class='hr-inner '><span class=\"hr-inner-style\"><\/span><\/span><\/div><br \/>\n\n<style type=\"text\/css\" data-created_by=\"avia_inline_auto\" id=\"style-css-av-kylju0ye-da97626941f2126c97b5b1b537ffb34e\">\n.avia-image-container.av-kylju0ye-da97626941f2126c97b5b1b537ffb34e .av-image-caption-overlay-center{\ncolor:#ffffff;\n}\n<\/style>\n<div  class='avia-image-container av-kylju0ye-da97626941f2126c97b5b1b537ffb34e av-styling- avia-align-center  avia-builder-el-9  el_after_av_hr  avia-builder-el-last  av-desktop-hide av-medium-hide'  itemprop=\"image\" itemscope=\"itemscope\" itemtype=\"https:\/\/schema.org\/ImageObject\" ><div class=\"avia-image-container-inner\"><div class=\"avia-image-overlay-wrap\"><img decoding=\"async\" class='wp-image-6121 avia-img-lazy-loading-not-6121 avia_image' src=\"https:\/\/canbosch.com\/wp-content\/uploads\/2022\/01\/menu-del-mar-fondo2-300x253.png\" alt='' title='menu-del-mar-fondo2'  height=\"253\" width=\"300\"  itemprop=\"thumbnailUrl\" srcset=\"https:\/\/canbosch.com\/wp-content\/uploads\/2022\/01\/menu-del-mar-fondo2-300x253.png 300w, https:\/\/canbosch.com\/wp-content\/uploads\/2022\/01\/menu-del-mar-fondo2.png 456w\" sizes=\"(max-width: 300px) 100vw, 300px\" \/><\/div><\/div><\/div><\/p><\/div><div class='flex_column av-6wh5wi-35bad4eae315aaafe32523e2ccbb5ac8 av_three_fifth  avia-builder-el-10  el_after_av_one_fifth  el_before_av_one_fifth  flex_column_div '   ><p>\n<style type=\"text\/css\" data-created_by=\"avia_inline_auto\" id=\"style-css-av-kyka6hmw-b4e09a71356db6c0e6fd86a86763f7af\">\n#top .av-special-heading.av-kyka6hmw-b4e09a71356db6c0e6fd86a86763f7af{\npadding-bottom:10px;\n}\nbody .av-special-heading.av-kyka6hmw-b4e09a71356db6c0e6fd86a86763f7af .av-special-heading-tag .heading-char{\nfont-size:25px;\n}\n.av-special-heading.av-kyka6hmw-b4e09a71356db6c0e6fd86a86763f7af .av-subheading{\nfont-size:15px;\n}\n<\/style>\n<div  class='av-special-heading av-kyka6hmw-b4e09a71356db6c0e6fd86a86763f7af av-special-heading-h2  avia-builder-el-11  el_before_av_catalogue  avia-builder-el-first '><h2 class='av-special-heading-tag'  itemprop=\"headline\"  >A LA CARTA&#8230;<\/h2><div class=\"special-heading-border\"><div class=\"special-heading-inner-border\"><\/div><\/div><\/div><br \/>\n<div  class='av-catalogue-container av-kyk72wky-fe7d580f0e6c0e37cec5d7e09702da33  avia-builder-el-12  el_after_av_heading  avia-builder-el-last '><ul class='av-catalogue-list'>\n<li><div class='av-catalogue-item av-ll99rtw8-6a82ea2243fb286cc9c1861e704cb98a'><div class=\"av-catalogue-item-inner\"><div class=\"av-catalogue-title-container\"><div class='av-catalogue-title'>Tartar de lubina y langostinos con crema fresca<\/div><div class='av-catalogue-price'><\/div><\/div><div class=\"av-catalogue-content\"><\/div><\/div><\/div><\/li>\n<li><div class='av-catalogue-item av-kyk6zdjd-1cf83f2d97f0a09feebe4961351d8b6d'><div class=\"av-catalogue-item-inner\"><div class=\"av-catalogue-title-container\"><div class='av-catalogue-title'>Carpaccio de gambas de Tarragona con vinagreta de fresones y pi\u00f1one<\/div><div class='av-catalogue-price'><\/div><\/div><div class=\"av-catalogue-content\"><\/div><\/div><\/div><\/li>\n<li><div class='av-catalogue-item av-kyk70kh3-53553cd1c4e0957f572968735aac81ae'><div class=\"av-catalogue-item-inner\"><div class=\"av-catalogue-title-container\"><div class='av-catalogue-title'>Ostra con tartar de ventresca de at\u00fan Balfeg\u00f3 con cremoso de aguacate y brot\u00e9 de cilantro<\/div><div class='av-catalogue-price'><\/div><\/div><div class=\"av-catalogue-content\"><\/div><\/div><\/div><\/li>\n<li><div class='av-catalogue-item av-ll99sh1k-6c7a4f68a1d352d551e6e8a977a0dc98'><div class=\"av-catalogue-item-inner\"><div class=\"av-catalogue-title-container\"><div class='av-catalogue-title'>Ensalada de bogavante del pa\u00eds con guacamole y virutas de parmesano<\/div><div class='av-catalogue-price'><\/div><\/div><div class=\"av-catalogue-content\"><\/div><\/div><\/div><\/li>\n<li><div class='av-catalogue-item av-kyk70kh3-ac0348da3ca6952d29a41512c463c732'><div class=\"av-catalogue-item-inner\"><div class=\"av-catalogue-title-container\"><div class='av-catalogue-title'>Coca de hojaldre con texturas de puerro, &quot;butifarra del Perol&quot; y gamba blanca de Cambrils<\/div><div class='av-catalogue-price'><\/div><\/div><div class=\"av-catalogue-content\"><\/div><\/div><\/div><\/li>\n<li><div class='av-catalogue-item av-kyk70afo-f80af0bf80ce30f3891345acd9f31533'><div class=\"av-catalogue-item-inner\"><div class=\"av-catalogue-title-container\"><div class='av-catalogue-title'>Pulpo a la brasa, papada marinada en miso y texturas de coliflor y jugo de asado<\/div><div class='av-catalogue-price'><\/div><\/div><div class=\"av-catalogue-content\"><\/div><\/div><\/div><\/li>\n<li><div class='av-catalogue-item av-liyadu8g-162551482b60c335e3f361f84a409269'><div class=\"av-catalogue-item-inner\"><div class=\"av-catalogue-title-container\"><div class='av-catalogue-title'>Ravioli de setas, celerie confitado, cigalas, salsa de boletus y trufa<\/div><div class='av-catalogue-price'><\/div><\/div><div class=\"av-catalogue-content\"><\/div><\/div><\/div><\/li>\n<li><div class='av-catalogue-item av-mm91a6vg-b2f3fa5cfdb5d38e05f37a43748be10c'><div class=\"av-catalogue-item-inner\"><div class=\"av-catalogue-title-container\"><div class='av-catalogue-title'>Raviolis de brandada de anguila ahumada, papada a baja temperatura, salsa &quot;beurre blanc&quot; y caviar imperial<\/div><div class='av-catalogue-price'><\/div><\/div><div class=\"av-catalogue-content\">\nEnter your description here<br \/>\n<\/div><\/div><\/div><\/li>\n<li><div class='av-catalogue-item av-kyk70kh3-a9649cf678a41ee81d502a5ebd9ba333'><div class=\"av-catalogue-item-inner\"><div class=\"av-catalogue-title-container\"><div class='av-catalogue-title'>Almejas con velut\u00e9 de pi\u00f1ones semi tostados y caviar<\/div><div class='av-catalogue-price'><\/div><\/div><div class=\"av-catalogue-content\"><\/div><\/div><\/div><\/li>\n<li><div class='av-catalogue-item av-kyk70kh3-2e31c5eb558134e8e18e49286b5abf1d'><div class=\"av-catalogue-item-inner\"><div class=\"av-catalogue-title-container\"><div class='av-catalogue-title'>Salteado de alcachofas de Cambrils con chipirones,cigalas y jugo de asado<\/div><div class='av-catalogue-price'><\/div><\/div><div class=\"av-catalogue-content\"><\/div><\/div><\/div><\/li>\n<li><div class='av-catalogue-item av-kyk70kh3-1b2fdf6a6b9598710c8ee4b5932efe88'><div class=\"av-catalogue-item-inner\"><div class=\"av-catalogue-title-container\"><div class='av-catalogue-title'>&quot;Cap y pota&quot; tradicional de ternera ecologica<\/div><div class='av-catalogue-price'><\/div><\/div><div class=\"av-catalogue-content\"><\/div><\/div><\/div><\/li>\n<\/ul><\/div><\/p><\/div><div class='flex_column av-cvh7wp-4042437ae0265cc4ddb0e7feeb49beaa av_one_fifth  avia-builder-el-13  el_after_av_three_fifth  avia-builder-el-last  flex_column_div '   ><\/div><\/div><\/div><\/div><!-- close content main div --><\/div><\/div><div id='after_section_1'  class='main_color av_default_container_wrap container_wrap sidebar_right'  ><div class='container av-section-cont-open' ><div class='template-page content  av-content-small alpha units'><div class='post-entry post-entry-type-page post-entry-6273'><div class='entry-content-wrapper clearfix'>\n","protected":false},"excerpt":{"rendered":"","protected":false},"author":1,"featured_media":0,"parent":0,"menu_order":0,"comment_status":"closed","ping_status":"closed","template":"","meta":{"footnotes":""},"class_list":["post-6273","page","type-page","status-publish","hentry"],"_links":{"self":[{"href":"https:\/\/canbosch.com\/es\/wp-json\/wp\/v2\/pages\/6273","targetHints":{"allow":["GET"]}}],"collection":[{"href":"https:\/\/canbosch.com\/es\/wp-json\/wp\/v2\/pages"}],"about":[{"href":"https:\/\/canbosch.com\/es\/wp-json\/wp\/v2\/types\/page"}],"author":[{"embeddable":true,"href":"https:\/\/canbosch.com\/es\/wp-json\/wp\/v2\/users\/1"}],"replies":[{"embeddable":true,"href":"https:\/\/canbosch.com\/es\/wp-json\/wp\/v2\/comments?post=6273"}],"version-history":[{"count":44,"href":"https:\/\/canbosch.com\/es\/wp-json\/wp\/v2\/pages\/6273\/revisions"}],"predecessor-version":[{"id":8115,"href":"https:\/\/canbosch.com\/es\/wp-json\/wp\/v2\/pages\/6273\/revisions\/8115"}],"wp:attachment":[{"href":"https:\/\/canbosch.com\/es\/wp-json\/wp\/v2\/media?parent=6273"}],"curies":[{"name":"wp","href":"https:\/\/api.w.org\/{rel}","templated":true}]}}