{"id":6224,"date":"2022-01-18T08:52:44","date_gmt":"2022-01-18T08:52:44","guid":{"rendered":"https:\/\/canbosch.macredi20.com\/historia\/"},"modified":"2023-02-20T10:24:09","modified_gmt":"2023-02-20T10:24:09","slug":"el-restaurante-can-bosch","status":"publish","type":"page","link":"https:\/\/canbosch.com\/es\/el-restaurante-can-bosch\/","title":{"rendered":"Historia"},"content":{"rendered":"<div id='full_slider_1'  class='avia-fullwidth-slider main_color avia-shadow   avia-builder-el-0  el_before_av_section  avia-builder-el-first   container_wrap sidebar_right'  ><div   data-size='featured_large'  data-lightbox_size='large'  data-animation='slide'  data-conditional_play=''  data-ids='5578'  data-video_counter='0'  data-autoplay='false'  data-bg_slider='false'  data-slide_height=''  data-handle='av_slideshow_full'  data-interval='5'  data-class=' '  data-el_id=''  data-css_id=''  data-scroll_down=''  data-control_layout='av-control-default'  data-custom_markup=''  data-perma_caption=''  data-autoplay_stopper=''  data-image_attachment=''  data-min_height='0px'  data-lazy_loading='disabled'  data-src=''  data-position='top left'  data-repeat='no-repeat'  data-attach='scroll'  data-stretch=''  data-img_scrset=''  data-default-height='42'  class='avia-slideshow avia-slideshow-1  av-control-default av-default-height-applied avia-slideshow-featured_large av_slideshow_full   avia-slide-slider '  itemprop=\"image\" itemscope=\"itemscope\" itemtype=\"https:\/\/schema.org\/ImageObject\" ><ul class='avia-slideshow-inner ' style='padding-bottom: 42%;' ><li  class=' av-single-slide slide-1 ' ><div data-rel='slideshow-1' class='avia-slide-wrap '   ><div class = \"caption_fullwidth av-slideshow-caption caption_left\"><div class = \"container caption_container\"><div class = \"slideshow_caption\"><div class = \"slideshow_inner_caption\"><div class = \"slideshow_align_caption\"><h2  style='font-size:100px; color:#cc9c73; ' class='avia-caption-title  '  itemprop=\"name\" >HISTORIA<\/h2><div class='avia-caption-content  av_inherit_color'  itemprop=\"description\"   style='font-size:30px; '><p>DE DONDE VENIMOS<\/p>\n<\/div><\/div><\/div><\/div><\/div><\/div><img decoding=\"async\" class=\"wp-image-6100 avia-img-lazy-loading-not-6100\"  src=\"https:\/\/canbosch.com\/wp-content\/uploads\/2022\/01\/header-historia-1500x630.jpg\" width=\"1500\" height=\"630\" title='header-historia' alt=''  itemprop=\"thumbnailUrl\" srcset=\"https:\/\/canbosch.com\/wp-content\/uploads\/2022\/01\/header-historia-1500x630.jpg 1500w, https:\/\/canbosch.com\/wp-content\/uploads\/2022\/01\/header-historia-300x125.jpg 300w\" sizes=\"(max-width: 1500px) 100vw, 1500px\" \/><\/div><\/li><\/ul><\/div><\/div>\n<div id='av_section_1'  class='avia-section av-kyk45884-b8d69baccc618ae0258ef8b0e954738e main_color avia-section-huge avia-no-border-styling  avia-builder-el-1  el_after_av_slideshow_full  el_before_av_section  avia-bg-style-scroll container_wrap sidebar_right'  ><div class='container av-section-cont-open' ><div class='template-page content  av-content-small alpha units'><div class='post-entry post-entry-type-page post-entry-6224'><div class='entry-content-wrapper clearfix'>\n<div class='flex_column av-99ci6q-2f0b45177f2adf6fbf65b24583674021 av_one_half  avia-builder-el-2  el_before_av_one_half  avia-builder-el-first  first flex_column_div '   ><style type=\"text\/css\" data-created_by=\"avia_inline_auto\" id=\"style-css-av-kyk47xch-c3bd42984a98e5b5defdc7f7db1a6e99\">\n.avia-image-container.av-kyk47xch-c3bd42984a98e5b5defdc7f7db1a6e99 .av-image-caption-overlay-center{\ncolor:#ffffff;\n}\n<\/style>\n<div  class='avia-image-container av-kyk47xch-c3bd42984a98e5b5defdc7f7db1a6e99 av-styling- avia-align-center  avia-builder-el-3  avia-builder-el-no-sibling '  itemprop=\"image\" itemscope=\"itemscope\" itemtype=\"https:\/\/schema.org\/ImageObject\" ><div class=\"avia-image-container-inner\"><div class=\"avia-image-overlay-wrap\"><img decoding=\"async\" class='wp-image-6101 avia-img-lazy-loading-not-6101 avia_image' src=\"https:\/\/canbosch.com\/wp-content\/uploads\/2022\/01\/cuadricula-historia-can-bosch.jpg\" alt='' title='cuadricula-historia-can-bosch'  height=\"439\" width=\"580\"  itemprop=\"thumbnailUrl\" srcset=\"https:\/\/canbosch.com\/wp-content\/uploads\/2022\/01\/cuadricula-historia-can-bosch.jpg 580w, https:\/\/canbosch.com\/wp-content\/uploads\/2022\/01\/cuadricula-historia-can-bosch-300x227.jpg 300w\" sizes=\"(max-width: 580px) 100vw, 580px\" \/><\/div><\/div><\/div><\/div><div class='flex_column av-6wh5wi-35bad4eae315aaafe32523e2ccbb5ac8 av_one_half  avia-builder-el-4  el_after_av_one_half  avia-builder-el-last  flex_column_div '   ><p>\n<style type=\"text\/css\" data-created_by=\"avia_inline_auto\" id=\"style-css-av-kyk5q2m2-b8a7b0477f0f9b9853aacbcc7e2918ee\">\n#top .av-special-heading.av-kyk5q2m2-b8a7b0477f0f9b9853aacbcc7e2918ee{\npadding-bottom:10px;\n}\nbody .av-special-heading.av-kyk5q2m2-b8a7b0477f0f9b9853aacbcc7e2918ee .av-special-heading-tag .heading-char{\nfont-size:25px;\n}\n.av-special-heading.av-kyk5q2m2-b8a7b0477f0f9b9853aacbcc7e2918ee .av-subheading{\nfont-size:15px;\n}\n<\/style>\n<div  class='av-special-heading av-kyk5q2m2-b8a7b0477f0f9b9853aacbcc7e2918ee av-special-heading-h2  avia-builder-el-5  el_before_av_textblock  avia-builder-el-first '><h2 class='av-special-heading-tag'  itemprop=\"headline\"  >El restaurante Can Bosch<\/h2><div class=\"special-heading-border\"><div class=\"special-heading-inner-border\"><\/div><\/div><\/div><br \/>\n<section  class='av_textblock_section av-kyk41e1h-6410a2e28af39d1edced64763e208b67'  itemscope=\"itemscope\" itemtype=\"https:\/\/schema.org\/CreativeWork\" ><div class='avia_textblock'  itemprop=\"text\" ><p><strong>Tiene sus or\u00edgenes en el humilde bar de pescadores<\/strong> que en 1969 abr\u00edan Juan Bautista Bosch y Lourdes Font, a pocos metros del puerto de Cambrils. El bar pas\u00f3 a ser casa de comidas y, desde 1980, se abr\u00eda como restaurante. Desde entonces ha sabido situarse como un punto de referencia de nuestra gastronom\u00eda, con la estrella Michelin, conseguida en 1984, como uno de los principales, pero no \u00fanico, reconocimiento.<\/p>\n<p>Desde 1982, Juan Bosch en la cocina y Montserrat Costa, en el comedor, han mantenido este nivel de excelencia y han sabido combinar el respeto a la tradici\u00f3n de la cocina marinera de siempre, de donde proven\u00edan, con las nuevas corrientes culinarias que se han abierto paso en las \u00faltimas d\u00e9cadas.<\/p>\n<p>En 2012, el restaurante incorpora la tercera generaci\u00f3n de esta familia, representada por Arnau Bosch. Continuidad, pues, en un proyecto bien arraigado en su lugar de origen, pero que no se contenta con lo que ha conseguido sino que mira continuamente de superarse.<\/p>\n<\/div><\/section><\/p><\/div><\/div><\/div><\/div><!-- close content main div --><\/div><\/div>\n<style type=\"text\/css\" data-created_by=\"avia_inline_auto\" id=\"style-css-av-kyk5ujqb-a3a5db68905f8fa85a2df24f9e1315a9\">\n.avia-section.av-kyk5ujqb-a3a5db68905f8fa85a2df24f9e1315a9{\nbackground-color:#f9f9f9;\n}\n<\/style>\n<div id='cuina'  class='avia-section av-kyk5ujqb-a3a5db68905f8fa85a2df24f9e1315a9 main_color avia-section-huge avia-no-border-styling  avia-builder-el-7  el_after_av_section  avia-builder-el-last  avia-bg-style-scroll container_wrap sidebar_right'  ><div class='container av-section-cont-open' ><div class='template-page content  av-content-small alpha units'><div class='post-entry post-entry-type-page post-entry-6224'><div class='entry-content-wrapper clearfix'>\n<div class='flex_column av-69oh5e-ccf2c730488f6cfccf4965872d9821fd av_one_half  avia-builder-el-8  el_before_av_one_half  avia-builder-el-first  first flex_column_div '   ><p>\n<style type=\"text\/css\" data-created_by=\"avia_inline_auto\" id=\"style-css-av-kyk5x1ki-e5cdb84589e17d7a5eae624b8eea521a\">\n#top .av-special-heading.av-kyk5x1ki-e5cdb84589e17d7a5eae624b8eea521a{\npadding-bottom:10px;\n}\nbody .av-special-heading.av-kyk5x1ki-e5cdb84589e17d7a5eae624b8eea521a .av-special-heading-tag .heading-char{\nfont-size:25px;\n}\n.av-special-heading.av-kyk5x1ki-e5cdb84589e17d7a5eae624b8eea521a .av-subheading{\nfont-size:15px;\n}\n<\/style>\n<div  class='av-special-heading av-kyk5x1ki-e5cdb84589e17d7a5eae624b8eea521a av-special-heading-h2 blockquote modern-quote  avia-builder-el-9  el_before_av_textblock  avia-builder-el-first '><h2 class='av-special-heading-tag'  itemprop=\"headline\"  >Nuestra cocina<\/h2><div class='av-subheading av-subheading_below'><p>DONDE VAMOS<\/p>\n<\/div><div class=\"special-heading-border\"><div class=\"special-heading-inner-border\"><\/div><\/div><\/div><br \/>\n<section  class='av_textblock_section av-40et2q-d00213749eab02e117f32f67e29b25e9'  itemscope=\"itemscope\" itemtype=\"https:\/\/schema.org\/CreativeWork\" ><div class='avia_textblock'  itemprop=\"text\" ><p><strong>Del mar al plato.<\/strong> As\u00ed podr\u00eda resumirse la filosof\u00eda culinaria de Can Bosch, un restaurante que combina con oficio los productos que le aportan las barcas de pesca de Cambrils y los frutos y verduras que se cosechan en los pueblos del alrededor.<\/p>\n<p>La calidad del producto, b\u00e1sicamente producto de proximidad, que pasa directamente, como quien dice, de la barca o del huerto a nuestra cocina, donde es tratado con un profundo respeto a la tradici\u00f3n culinaria del pa\u00eds, pero con la vista puesta en una constante renovaci\u00f3n.<\/p>\n<\/div><\/section><\/p><\/div><div class='flex_column av-2dd90i-7c0d8e380026eaab3687ff6eb806e012 av_one_half  avia-builder-el-11  el_after_av_one_half  avia-builder-el-last  flex_column_div '   ><p>\n<style type=\"text\/css\" data-created_by=\"avia_inline_auto\" id=\"style-css-av-kyk61y2w-9276d1171c4c908de1d9b200aa84b9bb\">\n.avia-image-container.av-kyk61y2w-9276d1171c4c908de1d9b200aa84b9bb .av-image-caption-overlay-center{\ncolor:#ffffff;\n}\n<\/style>\n<div  class='avia-image-container av-kyk61y2w-9276d1171c4c908de1d9b200aa84b9bb av-styling- avia-align-center  avia-builder-el-12  el_before_av_image  avia-builder-el-first '  itemprop=\"image\" itemscope=\"itemscope\" itemtype=\"https:\/\/schema.org\/ImageObject\" ><div class=\"avia-image-container-inner\"><div class=\"avia-image-overlay-wrap\"><img decoding=\"async\" class='wp-image-6102 avia-img-lazy-loading-not-6102 avia_image' src=\"https:\/\/canbosch.com\/wp-content\/uploads\/2022\/01\/cuadricula-cuina-can-bosch.jpg\" alt='' title='cuadricula-cuina-can-bosch'  height=\"210\" width=\"578\"  itemprop=\"thumbnailUrl\" srcset=\"https:\/\/canbosch.com\/wp-content\/uploads\/2022\/01\/cuadricula-cuina-can-bosch.jpg 578w, https:\/\/canbosch.com\/wp-content\/uploads\/2022\/01\/cuadricula-cuina-can-bosch-300x109.jpg 300w\" sizes=\"(max-width: 578px) 100vw, 578px\" \/><\/div><\/div><\/div><br \/>\n\n<style type=\"text\/css\" data-created_by=\"avia_inline_auto\" id=\"style-css-av-kyk6dbw3-680207fdaff43e9f56b93654e23177d8\">\n.avia-image-container.av-kyk6dbw3-680207fdaff43e9f56b93654e23177d8 .av-image-caption-overlay-center{\ncolor:#ffffff;\n}\n<\/style>\n<div  class='avia-image-container av-kyk6dbw3-680207fdaff43e9f56b93654e23177d8 av-styling- avia-align-center  avia-builder-el-13  el_after_av_image  avia-builder-el-last '  itemprop=\"image\" itemscope=\"itemscope\" itemtype=\"https:\/\/schema.org\/ImageObject\" ><div class=\"avia-image-container-inner\"><div class=\"avia-image-overlay-wrap\"><img decoding=\"async\" class='wp-image-6103 avia-img-lazy-loading-not-6103 avia_image' src=\"https:\/\/canbosch.com\/wp-content\/uploads\/2022\/01\/cuadricula-cuina-can-bosch2.jpg\" alt='' title='cuadricula-cuina-can-bosch2'  height=\"210\" width=\"578\"  itemprop=\"thumbnailUrl\" srcset=\"https:\/\/canbosch.com\/wp-content\/uploads\/2022\/01\/cuadricula-cuina-can-bosch2.jpg 578w, https:\/\/canbosch.com\/wp-content\/uploads\/2022\/01\/cuadricula-cuina-can-bosch2-300x109.jpg 300w\" sizes=\"(max-width: 578px) 100vw, 578px\" \/><\/div><\/div><\/div><\/p><\/div>\n<\/div><\/div><\/div><!-- close content main div --><\/div><\/div><div id='after_section_2'  class='main_color av_default_container_wrap container_wrap sidebar_right'  ><div class='container av-section-cont-open' ><div class='template-page content  av-content-small alpha units'><div class='post-entry post-entry-type-page post-entry-6224'><div class='entry-content-wrapper clearfix'><\/p>\n","protected":false},"excerpt":{"rendered":"","protected":false},"author":1,"featured_media":0,"parent":0,"menu_order":0,"comment_status":"closed","ping_status":"closed","template":"","meta":{"footnotes":""},"class_list":["post-6224","page","type-page","status-publish","hentry"],"_links":{"self":[{"href":"https:\/\/canbosch.com\/es\/wp-json\/wp\/v2\/pages\/6224","targetHints":{"allow":["GET"]}}],"collection":[{"href":"https:\/\/canbosch.com\/es\/wp-json\/wp\/v2\/pages"}],"about":[{"href":"https:\/\/canbosch.com\/es\/wp-json\/wp\/v2\/types\/page"}],"author":[{"embeddable":true,"href":"https:\/\/canbosch.com\/es\/wp-json\/wp\/v2\/users\/1"}],"replies":[{"embeddable":true,"href":"https:\/\/canbosch.com\/es\/wp-json\/wp\/v2\/comments?post=6224"}],"version-history":[{"count":9,"href":"https:\/\/canbosch.com\/es\/wp-json\/wp\/v2\/pages\/6224\/revisions"}],"predecessor-version":[{"id":7238,"href":"https:\/\/canbosch.com\/es\/wp-json\/wp\/v2\/pages\/6224\/revisions\/7238"}],"wp:attachment":[{"href":"https:\/\/canbosch.com\/es\/wp-json\/wp\/v2\/media?parent=6224"}],"curies":[{"name":"wp","href":"https:\/\/api.w.org\/{rel}","templated":true}]}}